{"id":753,"date":"2013-08-01T09:43:28","date_gmt":"2013-08-01T09:43:28","guid":{"rendered":"http:\/\/shaolinqigong.pl\/?page_id=753"},"modified":"2015-02-08T17:02:52","modified_gmt":"2015-02-08T17:02:52","slug":"10-kawalkow-brokatu","status":"publish","type":"page","link":"http:\/\/shaolinqigong.pl\/?page_id=753","title":{"rendered":"10 Kawa\u0142k\u00f3w Brokatu"},"content":{"rendered":"<p><a href=\"http:\/\/shaolinqigong.pl\/wp-content\/uploads\/2013\/08\/Shaolin-Shi-Duan-Jin-Cz\u0119\u015b\u0107-Pierwsza.pdf\">Shaolin Shi Duan Jin Cz\u0119\u015b\u0107 Pierwsza<\/a><\/p>\n<p><a href=\"http:\/\/shaolinqigong.pl\/wp-content\/uploads\/2013\/08\/SHAOLIN-SHI-DUAN-JIN-cz\u0119\u015b\u0107-druga.pdf\">SHAOLIN SHI DUAN JIN cz\u0119\u015b\u0107 druga<\/a><\/p>\n","protected":false},"excerpt":{"rendered":"<p>Shaolin Shi Duan Jin Cz\u0119\u015b\u0107 Pierwsza SHAOLIN SHI DUAN JIN cz\u0119\u015b\u0107 druga<\/p>\n","protected":false},"author":2,"featured_media":0,"parent":15,"menu_order":5,"comment_status":"closed","ping_status":"closed","template":"","meta":[],"_links":{"self":[{"href":"http:\/\/shaolinqigong.pl\/index.php?rest_route=\/wp\/v2\/pages\/753"}],"collection":[{"href":"http:\/\/shaolinqigong.pl\/index.php?rest_route=\/wp\/v2\/pages"}],"about":[{"href":"http:\/\/shaolinqigong.pl\/index.php?rest_route=\/wp\/v2\/types\/page"}],"author":[{"embeddable":true,"href":"http:\/\/shaolinqigong.pl\/index.php?rest_route=\/wp\/v2\/users\/2"}],"replies":[{"embeddable":true,"href":"http:\/\/shaolinqigong.pl\/index.php?rest_route=%2Fwp%2Fv2%2Fcomments&post=753"}],"version-history":[{"count":3,"href":"http:\/\/shaolinqigong.pl\/index.php?rest_route=\/wp\/v2\/pages\/753\/revisions"}],"predecessor-version":[{"id":776,"href":"http:\/\/shaolinqigong.pl\/index.php?rest_route=\/wp\/v2\/pages\/753\/revisions\/776"}],"up":[{"embeddable":true,"href":"http:\/\/shaolinqigong.pl\/index.php?rest_route=\/wp\/v2\/pages\/15"}],"wp:attachment":[{"href":"http:\/\/shaolinqigong.pl\/index.php?rest_route=%2Fwp%2Fv2%2Fmedia&parent=753"}],"curies":[{"name":"wp","href":"https:\/\/api.w.org\/{rel}","templated":true}]}}