{"id":38,"date":"2011-01-20T11:43:56","date_gmt":"2011-01-20T11:43:56","guid":{"rendered":"http:\/\/shaolinqigong.pl\/?page_id=38"},"modified":"2016-11-16T13:32:20","modified_gmt":"2016-11-16T13:32:20","slug":"klasztor-shaolin","status":"publish","type":"page","link":"http:\/\/shaolinqigong.pl\/?page_id=38","title":{"rendered":"Klasztor Shaolin"},"content":{"rendered":"<p><strong>Dzieje Klasztoru Shaolin:<\/strong><\/p>\n<p>Cz\u0119\u015b\u0107 Pierwsza:\u00a0 <a href=\"http:\/\/www.neijia.net\/neijia\/shaolin_13.html\" target=\"_self\">http:\/\/www.neijia.net\/neijia\/shaolin_13.html <\/a><\/p>\n<p>Cz\u0119\u015b\u0107 Druga:\u00a0 <a href=\"http:\/\/www.neijia.net\/neijia\/shaolin_14.html\" target=\"_self\">http:\/\/www.neijia.net\/neijia\/shaolin_14.html<\/a><\/p>\n<p>Cz\u0119\u015b\u0107 Trzecia:\u00a0 <a href=\"http:\/\/www.neijia.net\/neijia\/klasztor_15.html\" target=\"_self\">http:\/\/www.neijia.net\/neijia\/klasztor_15.html<\/a><\/p>\n<p>Cz\u0119\u015b\u0107 Czwarta:\u00a0<a href=\"http:\/\/neijia.net\/neijia\/klasztor_16.html\" target=\"_self\"> http:\/\/neijia.net\/neijia\/klasztor_16.html<\/a><\/p>\n<p>Cz\u0119\u015b\u0107 Pi\u0105ta:\u00a0 <a href=\"http:\/\/neijia.net\/neijia\/klasztor_17.html\" target=\"_self\">http:\/\/neijia.net\/neijia\/klasztor_17.html<\/a><\/p>\n<p><strong>Nekropolia klasztoru Shaolin:<\/strong> <a href=\"http:\/\/neijia.net\/neijia\/dalin_17.html\" target=\"_self\">http:\/\/neijia.net\/neijia\/dalin_17.html<\/a><\/p>\n<p><strong>Wywiad z mistrzem Shaolin mnichem Shi Su Gang<\/strong>\u00a0: <a href=\"http:\/\/neijia.net\/neijia\/shisugang_21.html\" target=\"_self\">http:\/\/neijia.net\/neijia\/shisugang_21.html<\/a><\/p>\n<p><strong>Buddyzm Chan i kung-fu w klasztorze Shaolin:<\/strong>\u00a0 <a href=\"http:\/\/neijia.net\/neijia\/shaolin_30.html\" target=\"_self\">http:\/\/neijia.net\/neijia\/shaolin_30.html<\/a><\/p>\n<p><a href=\"http:\/\/shaolinqigong.pl\/wp-content\/uploads\/2014\/03\/OPOWIADANIA-O-BUDDYSTACH-I-TAOISTACH.pdf\">OPOWIADANIA O BUDDYSTACH I TAOISTACH<\/a><\/p>\n<p><a href=\"http:\/\/shaolinqigong.pl\/wp-content\/uploads\/2014\/05\/OPOWIADANIA-O-SHAOLI\u0143SKICH-MNICHACH.pdf\">OPOWIADANIA O SHAOLI\u0143SKICH MNICHACH<\/a><\/p>\n<p><a href=\"http:\/\/shaolinqigong.pl\/wp-content\/uploads\/2014\/07\/OPOWIADANIA-O-SHAOLI\u0143SKICH-MNICHACH-cz\u0119\u015b\u0107-druga.pdf\">OPOWIADANIA O SHAOLI\u0143SKICH MNICHACH &#8211; cz\u0119\u015b\u0107 druga<\/a><\/p>\n<p><a href=\"http:\/\/shaolinqigong.pl\/wp-content\/uploads\/2011\/01\/OPOWIADANIA-O-SHAOLI\u0143SKICH-MNICHACH-cz.-3.pdf\">OPOWIADANIA O SHAOLI\u0143SKICH MNICHACH cz. 3<\/a><\/p>\n<p><a href=\"http:\/\/shaolinqigong.pl\/wp-content\/uploads\/2011\/01\/OPOWIADANIA-cz.-IV-.pdf\" rel=\"\">OPOWIADANIA cz. IV<\/a><\/p>\n<p><a href=\"http:\/\/shaolinqigong.pl\/wp-content\/uploads\/2011\/01\/OPOWIADANIA-CZ\u0118\u015a\u0106-PI\u0104TA.pdf\">OPOWIADANIA CZ\u0118\u015a\u0106 PI\u0104TA<\/a><\/p>\n<p><a href=\"http:\/\/shaolinqigong.pl\/wp-content\/uploads\/2012\/04\/Tradycyjne-nauczanie-Shaolin-kung-fu.pdf\">Tradycyjne nauczanie Shaolin kung fu<\/a><\/p>\n<p><a href=\"http:\/\/shaolinqigong.pl\/wp-content\/uploads\/2013\/02\/OKOLICE-KLASZTORU-SHAOLIN-CZ\u0118\u015a\u0106-PIERWSZA1.pdf\">OKOLICE KLASZTORU SHAOLIN &#8211; CZ\u0118\u015a\u0106 PIERWSZA<\/a><\/p>\n<p><a href=\"http:\/\/shaolinqigong.pl\/wp-content\/uploads\/2013\/02\/OKOLICE-KLASZTORU-SHAOLIN-CZ\u0118\u015a\u0106-DRUGA.pdf\">OKOLICE KLASZTORU SHAOLIN &#8211; CZ\u0118\u015a\u0106 DRUGA<\/a><\/p>\n<p><a href=\"http:\/\/shaolinqigong.pl\/wp-content\/uploads\/2013\/02\/OKOLICE-KLASZTORU-SHAOLIN-CZ\u0118\u015a\u0106-TRZECIA1.pdf\">OKOLICE KLASZTORU SHAOLIN &#8211; CZ\u0118\u015a\u0106 TRZECIA<\/a><\/p>\n<p><a href=\"http:\/\/shaolinqigong.pl\/wp-content\/uploads\/2013\/02\/OKOLICE-KLASZTORU-SHAOLIN-CZ\u0118\u015a\u0106-CZWARTA-SHAOLIN-WUSHU-GWOON.pdf\">OKOLICE KLASZTORU SHAOLIN CZ\u0118\u015a\u0106 CZWARTA SHAOLIN WUSHU GWOON<\/a><\/p>\n<p><a href=\"http:\/\/shaolinqigong.pl\/wp-content\/uploads\/2013\/02\/OKOLICE-KLASZTORU-SHAOLIN-CZ\u0118\u015a\u0106-PI\u0104TA.pdf\">OKOLICE KLASZTORU SHAOLIN &#8211; CZ\u0118\u015a\u0106 PI\u0104TA<\/a><\/p>\n<p><a href=\"http:\/\/shaolinqigong.pl\/wp-content\/uploads\/2011\/01\/Okolice-klasztoru-Shaolin-cz.VI_.pdf\">okolice-klasztoru-shaolin-cz-vi<\/a><\/p>\n<p><a href=\"http:\/\/shaolinqigong.pl\/wp-content\/uploads\/2012\/12\/KLASZTOR-SHAOLIN-2012.pdf\">KLASZTOR SHAOLIN 2012<\/a><\/p>\n<p><a href=\"http:\/\/shaolinqigong.pl\/wp-content\/uploads\/2011\/01\/KLASZTOR-SHAOLIN-2014.pdf\">KLASZTOR SHAOLIN 2014<\/a><\/p>\n<p><a href=\"http:\/\/shaolinqigong.pl\/wp-content\/uploads\/2012\/12\/Shaolin_DVD_MALY.mpg\">Shaolin_DVD_MALY<\/a>\u00a0film<\/p>\n<p>&nbsp;<\/p>\n","protected":false},"excerpt":{"rendered":"<p>Dzieje Klasztoru Shaolin: Cz\u0119\u015b\u0107 Pierwsza:\u00a0 http:\/\/www.neijia.net\/neijia\/shaolin_13.html Cz\u0119\u015b\u0107 Druga:\u00a0 http:\/\/www.neijia.net\/neijia\/shaolin_14.html Cz\u0119\u015b\u0107 Trzecia:\u00a0 http:\/\/www.neijia.net\/neijia\/klasztor_15.html Cz\u0119\u015b\u0107 Czwarta:\u00a0 http:\/\/neijia.net\/neijia\/klasztor_16.html Cz\u0119\u015b\u0107 Pi\u0105ta:\u00a0 http:\/\/neijia.net\/neijia\/klasztor_17.html Nekropolia klasztoru Shaolin: http:\/\/neijia.net\/neijia\/dalin_17.html Wywiad z mistrzem Shaolin mnichem Shi Su Gang\u00a0: http:\/\/neijia.net\/neijia\/shisugang_21.html Buddyzm Chan i kung-fu w klasztorze Shaolin:\u00a0 http:\/\/neijia.net\/neijia\/shaolin_30.html OPOWIADANIA O BUDDYSTACH I TAOISTACH OPOWIADANIA O SHAOLI\u0143SKICH MNICHACH OPOWIADANIA O SHAOLI\u0143SKICH MNICHACH &#8211; cz\u0119\u015b\u0107 druga [&hellip;]<\/p>\n","protected":false},"author":2,"featured_media":0,"parent":0,"menu_order":2,"comment_status":"closed","ping_status":"closed","template":"","meta":[],"_links":{"self":[{"href":"http:\/\/shaolinqigong.pl\/index.php?rest_route=\/wp\/v2\/pages\/38"}],"collection":[{"href":"http:\/\/shaolinqigong.pl\/index.php?rest_route=\/wp\/v2\/pages"}],"about":[{"href":"http:\/\/shaolinqigong.pl\/index.php?rest_route=\/wp\/v2\/types\/page"}],"author":[{"embeddable":true,"href":"http:\/\/shaolinqigong.pl\/index.php?rest_route=\/wp\/v2\/users\/2"}],"replies":[{"embeddable":true,"href":"http:\/\/shaolinqigong.pl\/index.php?rest_route=%2Fwp%2Fv2%2Fcomments&post=38"}],"version-history":[{"count":22,"href":"http:\/\/shaolinqigong.pl\/index.php?rest_route=\/wp\/v2\/pages\/38\/revisions"}],"predecessor-version":[{"id":1383,"href":"http:\/\/shaolinqigong.pl\/index.php?rest_route=\/wp\/v2\/pages\/38\/revisions\/1383"}],"wp:attachment":[{"href":"http:\/\/shaolinqigong.pl\/index.php?rest_route=%2Fwp%2Fv2%2Fmedia&parent=38"}],"curies":[{"name":"wp","href":"https:\/\/api.w.org\/{rel}","templated":true}]}}