{"id":348,"date":"2011-12-10T17:46:50","date_gmt":"2011-12-10T17:46:50","guid":{"rendered":"http:\/\/shaolinqigong.pl\/?page_id=348"},"modified":"2015-04-08T14:59:29","modified_gmt":"2015-04-08T14:59:29","slug":"polecane-serwisy","status":"publish","type":"page","link":"http:\/\/shaolinqigong.pl\/?page_id=348","title":{"rendered":"Polecane serwisy"},"content":{"rendered":"<p><strong>Neijia<\/strong>-polska strona o sztukach walki autorstwa Tomasz Grycana (bogate \u017ar\u00f3d\u0142o cennych informacji)\u00a0<a href=\"http:\/\/neijia.net\/\" target=\"_self\">http:\/\/neijia.net\/<\/a><\/p>\n<p>Jednocze\u015bnie serdecznie dzi\u0119kuj\u0119 Panu Tomaszowi Grycanowi za mo\u017cliwo\u015b\u0107 udost\u0119pnienia link\u00f3w z artyku\u0142ami S\u0142awomira Paw\u0142owskiego ze strony Neijia.net<\/p>\n<p>&nbsp;<\/p>\n<p><strong>Taiji Po Polsku (blog)<\/strong>\u00a0<a href=\"http:\/\/www.taijipopolsku.pl\/\" target=\"_blank\">http:\/\/www.taijipopolsku.pl\/<\/a><\/p>\n<p><strong>Medycyna tybeta\u0144sko-mongolska prof. Enji\u00a0<\/strong><a href=\"http:\/\/www.enji.pl\/\" target=\"_blank\">http:\/\/www.enji.pl\/<\/a><\/p>\n<p><strong>Medycyna tybeta\u0144sko-mongolska dr Sena<\/strong> (lekarz medycyny zachodniej i wschodniej)\u00a0<a href=\"http:\/\/www.medycyna-wschodnia.pl\/\">http:\/\/www.medycyna-wschodnia.pl\/<\/a><\/p>\n<p><strong>Medycyna chi\u0144ska Jolanta Barkovskiy<\/strong>\u00a0<a href=\"http:\/\/tuina.pl\/\" target=\"_blank\">http:\/\/tuina.pl\/<\/a><\/p>\n<p><strong>Wolna Sobota<\/strong>-portal informacyjny z\u00a0najpe\u0142niejszym-wg mnie-zestawem imprez w Warszawie \u00a0\u00a0<a href=\"http:\/\/www.wolnasobota.pl\/\" target=\"_blank\">http:\/\/www.wolnasobota.pl\/<\/a><\/p>\n<p><strong>Qigong dla kobiet<\/strong>&#8211; portal dla os\u00f3b zainteresowanych qigongiem Promiennego Lotosu\u00a0<a href=\"http:\/\/www.qigongdlakobiet.pl\" target=\"_blank\">http:\/\/www.qigongdlakobiet.pl<\/a><\/p>\n<p><strong>Chiny.pl<\/strong> -wszechstronny potral o Chinach (historia, kultura, j\u0119zyk, filozofia itd.) po polsku\u00a0<a href=\"http:\/\/chiny.pl\/\" target=\"_blank\">http:\/\/chiny.pl\/<\/a><\/p>\n<p>&nbsp;<\/p>\n<p style=\"text-align: center;\"><strong>Polecamy now\u0105 ksi\u0105\u017ck\u0119 Piotra Plebaniak pt &#8222;36 forteli. Chi\u0144ska sztuka podst\u0119pu&#8221;<\/strong><\/p>\n<p><a href=\"http:\/\/shaolinqigong.pl\/wp-content\/uploads\/2011\/12\/Piotr_Plebaniak_36_forteli_FRONT-2.jpg\"><img decoding=\"async\" loading=\"lazy\" class=\"aligncenter size-medium wp-image-726\" src=\"http:\/\/shaolinqigong.pl\/wp-content\/uploads\/2011\/12\/Piotr_Plebaniak_36_forteli_FRONT-2-208x300.jpg\" alt=\"Piotr_Plebaniak_36_forteli_FRONT-2\" width=\"208\" height=\"300\" srcset=\"http:\/\/shaolinqigong.pl\/wp-content\/uploads\/2011\/12\/Piotr_Plebaniak_36_forteli_FRONT-2-208x300.jpg 208w, http:\/\/shaolinqigong.pl\/wp-content\/uploads\/2011\/12\/Piotr_Plebaniak_36_forteli_FRONT-2.jpg 400w\" sizes=\"(max-width: 208px) 100vw, 208px\" \/><\/a><\/p>\n<p>&nbsp;<\/p>\n<p>Wi\u0119cej o ksi\u0105\u017cce:\u00a0<a href=\"http:\/\/solarisnet.pl\/ku\/165668-36-forteli-chiska-sztuka-podstepu.html\" target=\"_blank\">http:\/\/solarisnet.pl\/ku\/165668-36-forteli-chiska-sztuka-podstepu.html\u00a0<\/a><\/p>\n<p>&nbsp;<\/p>\n","protected":false},"excerpt":{"rendered":"<p>Neijia-polska strona o sztukach walki autorstwa Tomasz Grycana (bogate \u017ar\u00f3d\u0142o cennych informacji)\u00a0http:\/\/neijia.net\/ Jednocze\u015bnie serdecznie dzi\u0119kuj\u0119 Panu Tomaszowi Grycanowi za mo\u017cliwo\u015b\u0107 udost\u0119pnienia link\u00f3w z artyku\u0142ami S\u0142awomira Paw\u0142owskiego ze strony Neijia.net &nbsp; Taiji Po Polsku (blog)\u00a0http:\/\/www.taijipopolsku.pl\/ Medycyna tybeta\u0144sko-mongolska prof. Enji\u00a0http:\/\/www.enji.pl\/ Medycyna tybeta\u0144sko-mongolska dr Sena (lekarz medycyny zachodniej i wschodniej)\u00a0http:\/\/www.medycyna-wschodnia.pl\/ Medycyna chi\u0144ska Jolanta Barkovskiy\u00a0http:\/\/tuina.pl\/ Wolna Sobota-portal informacyjny z\u00a0najpe\u0142niejszym-wg [&hellip;]<\/p>\n","protected":false},"author":2,"featured_media":0,"parent":19,"menu_order":3,"comment_status":"closed","ping_status":"closed","template":"","meta":[],"_links":{"self":[{"href":"http:\/\/shaolinqigong.pl\/index.php?rest_route=\/wp\/v2\/pages\/348"}],"collection":[{"href":"http:\/\/shaolinqigong.pl\/index.php?rest_route=\/wp\/v2\/pages"}],"about":[{"href":"http:\/\/shaolinqigong.pl\/index.php?rest_route=\/wp\/v2\/types\/page"}],"author":[{"embeddable":true,"href":"http:\/\/shaolinqigong.pl\/index.php?rest_route=\/wp\/v2\/users\/2"}],"replies":[{"embeddable":true,"href":"http:\/\/shaolinqigong.pl\/index.php?rest_route=%2Fwp%2Fv2%2Fcomments&post=348"}],"version-history":[{"count":17,"href":"http:\/\/shaolinqigong.pl\/index.php?rest_route=\/wp\/v2\/pages\/348\/revisions"}],"predecessor-version":[{"id":420,"href":"http:\/\/shaolinqigong.pl\/index.php?rest_route=\/wp\/v2\/pages\/348\/revisions\/420"}],"up":[{"embeddable":true,"href":"http:\/\/shaolinqigong.pl\/index.php?rest_route=\/wp\/v2\/pages\/19"}],"wp:attachment":[{"href":"http:\/\/shaolinqigong.pl\/index.php?rest_route=%2Fwp%2Fv2%2Fmedia&parent=348"}],"curies":[{"name":"wp","href":"https:\/\/api.w.org\/{rel}","templated":true}]}}