{"id":27,"date":"2011-01-20T11:37:11","date_gmt":"2011-01-20T11:37:11","guid":{"rendered":"http:\/\/shaolinqigong.pl\/?page_id=27"},"modified":"2017-01-17T13:38:09","modified_gmt":"2017-01-17T13:38:09","slug":"rafal-becker","status":"publish","type":"page","link":"http:\/\/shaolinqigong.pl\/?page_id=27","title":{"rendered":"Rafa\u0142 Becker"},"content":{"rendered":"<p><a href=\"http:\/\/shaolinqigong.pl\/wp-content\/uploads\/2011\/01\/IMG_7083.jpg\"><img decoding=\"async\" loading=\"lazy\" class=\"aligncenter size-full wp-image-219\" title=\"IMG_7083\" src=\"http:\/\/shaolinqigong.pl\/wp-content\/uploads\/2011\/01\/IMG_7083.jpg\" alt=\"\" width=\"339\" height=\"570\" srcset=\"http:\/\/shaolinqigong.pl\/wp-content\/uploads\/2011\/01\/IMG_7083.jpg 339w, http:\/\/shaolinqigong.pl\/wp-content\/uploads\/2011\/01\/IMG_7083-178x300.jpg 178w\" sizes=\"(max-width: 339px) 100vw, 339px\" \/><\/a><\/p>\n<p>&nbsp;<\/p>\n<p style=\"text-align: justify;\">Trenuj\u0119 kung-fu od 15-go roku \u017cycia tj. od 25 lat. Trening kung-fu rozpoczyna\u0142em na obozach kung-fu organizowanych przez instruktora Andrzeja Braksala w Warszawie. Nast\u0119pnie przez 3 lata uczy\u0142em si\u0119 Shaolin chang quan wg. mistrza Yang Jwing Minga. W wieku 18 lat pozna\u0142em sifu S\u0142awomira Paw\u0142owskiego pod kt\u00f3rego kierunkiem rozpocz\u0105\u0142em trening 5 zwierz\u0105t Shaolin i od tej pory nigdy nie mia\u0142em ju\u017c w\u0105tpliwo\u015bci, \u017ce wybra\u0142em w\u0142a\u015bciwego dla mnie nauczyciela kung-fu. Oko\u0142o trzydziestki kiedy zacz\u0105\u0142em odczuwa\u0107 coraz wi\u0119ksze zm\u0119czenie \u0107wicz\u0105c twarde kung-fu poprosi\u0142em swojego sifu o pokazanie mi czym jest energia qi (wiedzia\u0142em, \u017ce S\u0142awek trenuje od wielu lat Taiji quan). S\u0142awek zaprezentowa\u0142 to mi wpierw wykonuj\u0105c na mnie uderzenie z u\u017cyciem tylko takiej energii jak\u0105 si\u0119 wykorzystuje w stylach zewn\u0119trznych-polecia\u0142em wi\u0119c metr do ty\u0142u, ale wsta\u0142em i by\u0142em dalej gotowy do walki. Jednak kiedy wykona\u0142 uderzenie z wykorzystaniem energii qi nie ruszy\u0142em si\u0119 z miejsca, ale\u00a0 wewn\u0105trz cia\u0142a czu\u0142em jakby mnie co\u015b mia\u017cd\u017cy\u0142o. R\u00f3\u017cnica by\u0142a dla mnie zbyt namacalna i zbyt frapuj\u0105ca \u017ceby nie p\u00f3j\u015b\u0107 dalej drog\u0105 styl\u00f3w wewn\u0119trznych. Tak rozpocz\u0105\u0142 si\u0119 nowy rozdzia\u0142 w moim treningu zorientowany na Qigong i prac\u0119 z energi\u0105 qi.<\/p>\n<p style=\"text-align: justify;\">W <strong>sierpniu 2012<\/strong> roku wzi\u0105\u0142em udzia\u0142 w wyprawie do Klasztoru Shaolin zorganizowanej przez mojego Mistrza S\u0142awomira Paw\u0142owskiego. Dzi\u0119ki jego wysi\u0142kom i uprzejmo\u015bci wzi\u0105\u0142em udzia\u0142 w treningach z Mistrzem Shi De Hong, kt\u00f3ry jest najwy\u017cszej klasy ekspertem shaoli\u0144skiego Qigongu. \u00a0Pod jego okiem uczy\u0142em si\u0119 system\u00f3w qigong: Shaolin Ba Duan Jin, Shaolin Yi Jin Jing, \u0107wicze\u0144 wprowadzaj\u0105cych (automasa\u017cy) do systemu Xi Sui Jing oraz kontynuowa\u0142em nauk\u0119 systemu Shaolin Luohan Zhuang Kung (pierwsz\u0105 cz\u0119\u015b\u0107 systemu pozna\u0142em od sifu S\u0142awomira Paw\u0142owskiego). Na koniec nauki zosta\u0142em przeegzaminowany z poznanego materia\u0142u czego efektem jest certyfikat, kt\u00f3ry zosta\u0142 mi wr\u0119czony przez Mistrza Shi De Hong.<\/p>\n<p><a href=\"http:\/\/shaolinqigong.pl\/wp-content\/uploads\/2011\/01\/certyfikat1.jpg\"><img decoding=\"async\" loading=\"lazy\" class=\"aligncenter size-medium wp-image-480\" title=\"certyfikat1\" src=\"http:\/\/shaolinqigong.pl\/wp-content\/uploads\/2011\/01\/certyfikat1-193x300.jpg\" alt=\"\" width=\"193\" height=\"300\" srcset=\"http:\/\/shaolinqigong.pl\/wp-content\/uploads\/2011\/01\/certyfikat1-193x300.jpg 193w, http:\/\/shaolinqigong.pl\/wp-content\/uploads\/2011\/01\/certyfikat1-660x1024.jpg 660w\" sizes=\"(max-width: 193px) 100vw, 193px\" \/><\/a><\/p>\n<p><a href=\"http:\/\/shaolinqigong.pl\/wp-content\/uploads\/2011\/01\/certyfikat2.jpg\"><img decoding=\"async\" loading=\"lazy\" class=\"aligncenter size-medium wp-image-481\" title=\"certyfikat2\" src=\"http:\/\/shaolinqigong.pl\/wp-content\/uploads\/2011\/01\/certyfikat2-207x300.jpg\" alt=\"\" width=\"207\" height=\"300\" srcset=\"http:\/\/shaolinqigong.pl\/wp-content\/uploads\/2011\/01\/certyfikat2-207x300.jpg 207w, http:\/\/shaolinqigong.pl\/wp-content\/uploads\/2011\/01\/certyfikat2-709x1024.jpg 709w\" sizes=\"(max-width: 207px) 100vw, 207px\" \/><\/a><\/p>\n<p><a href=\"http:\/\/shaolinqigong.pl\/wp-content\/uploads\/2011\/01\/certyfikat3.jpg\"><img decoding=\"async\" loading=\"lazy\" class=\"aligncenter size-medium wp-image-482\" title=\"certyfikat3\" src=\"http:\/\/shaolinqigong.pl\/wp-content\/uploads\/2011\/01\/certyfikat3-206x300.jpg\" alt=\"\" width=\"206\" height=\"300\" srcset=\"http:\/\/shaolinqigong.pl\/wp-content\/uploads\/2011\/01\/certyfikat3-206x300.jpg 206w, http:\/\/shaolinqigong.pl\/wp-content\/uploads\/2011\/01\/certyfikat3-704x1024.jpg 704w\" sizes=\"(max-width: 206px) 100vw, 206px\" \/><\/a><\/p>\n<p><a href=\"http:\/\/shaolinqigong.pl\/wp-content\/uploads\/2011\/01\/IMG_8313.jpg\"><img decoding=\"async\" loading=\"lazy\" class=\"aligncenter size-medium wp-image-483\" title=\"IMG_8313\" src=\"http:\/\/shaolinqigong.pl\/wp-content\/uploads\/2011\/01\/IMG_8313-300x200.jpg\" alt=\"\" width=\"300\" height=\"200\" srcset=\"http:\/\/shaolinqigong.pl\/wp-content\/uploads\/2011\/01\/IMG_8313-300x200.jpg 300w, http:\/\/shaolinqigong.pl\/wp-content\/uploads\/2011\/01\/IMG_8313-1024x682.jpg 1024w\" sizes=\"(max-width: 300px) 100vw, 300px\" \/><\/a><\/p>\n<p><a href=\"http:\/\/shaolinqigong.pl\/wp-content\/uploads\/2011\/01\/IMG_7974.jpg\"><img decoding=\"async\" loading=\"lazy\" class=\"aligncenter size-medium wp-image-485\" title=\"IMG_7974\" src=\"http:\/\/shaolinqigong.pl\/wp-content\/uploads\/2011\/01\/IMG_7974-300x200.jpg\" alt=\"\" width=\"300\" height=\"200\" srcset=\"http:\/\/shaolinqigong.pl\/wp-content\/uploads\/2011\/01\/IMG_7974-300x200.jpg 300w, http:\/\/shaolinqigong.pl\/wp-content\/uploads\/2011\/01\/IMG_7974-1024x682.jpg 1024w\" sizes=\"(max-width: 300px) 100vw, 300px\" \/><\/a><\/p>\n<p style=\"text-align: justify;\">W dniach <strong>29.04 do 8.05.2013<\/strong> zorganizowa\u0142em pierwsze w Polsce seminarium shaoli\u0144skiego qigongu \u00a0z Mistrzem Shi De Hongiem. W ramach seminarium poznali\u015bmy 4 systemy qigong: Shaolin Shi Duan Jin siedz\u0105c (10 Kawa\u0142k\u00f3w Brokatu), Shaolin Yi Jin Jing (Przemiana Mi\u0119\u015bni i \u015aci\u0119gien) , Shaolin Luohan Kung oraz Xi Sui Jing (Przemywanie Szpiku). Uczestnicy seminarium zostali przeegzaminowani przez Mistrza czego po\u015bwiadczeniem by\u0142 pami\u0105tkowy certyfikat.<\/p>\n<p style=\"text-align: justify;\">Mistrz przyj\u0105\u0142 mnie na swojego osobistego ucznia co jest wielkim zaszczytem, ale te\u017c zobowi\u0105zuje do dalszej ci\u0119\u017ckiej pracy na rzecz popularyzowania shaoli\u0144skiego qigongu w Polsce. Tym bardziej, \u017ce Mistrz zaproponowa\u0142 mi otworzenie jego pierwszej w Europie szko\u0142y w naszym kraju:)<\/p>\n<p><a href=\"http:\/\/shaolinqigong.pl\/wp-content\/uploads\/2011\/01\/IMG_9669.jpg\"><img decoding=\"async\" loading=\"lazy\" class=\"aligncenter size-medium wp-image-697\" src=\"http:\/\/shaolinqigong.pl\/wp-content\/uploads\/2011\/01\/IMG_9669-200x300.jpg\" alt=\"IMG_9669\" width=\"200\" height=\"300\" srcset=\"http:\/\/shaolinqigong.pl\/wp-content\/uploads\/2011\/01\/IMG_9669-200x300.jpg 200w, http:\/\/shaolinqigong.pl\/wp-content\/uploads\/2011\/01\/IMG_9669.jpg 640w\" sizes=\"(max-width: 200px) 100vw, 200px\" \/><\/a><\/p>\n<p>&nbsp;<\/p>\n<p style=\"text-align: justify;\">W <strong>sierpniu 2014 roku<\/strong> w ramach drugiej wizyty w Klasztorze Shaolin uczy\u0142em si\u0119 qigongu pod okiem 3 mistrz\u00f3w: Shi Su Ganga (30 generacja mnich\u00f3w shaoli\u0144skich), Shi De Honga (31 generacja) oraz Shi De Lina (31 generacja).<\/p>\n<p style=\"text-align: justify;\">W ramach zaj\u0119\u0107 z mistrzem Shi Su Gangiem pobiera\u0142em nauk\u0119 dotycz\u0105c\u0105 3 system\u00f3w shaoli\u0144skiego qigongu: Shi Er Duan Jin (12 Kawa\u0142k\u00f3w Brokatu siedz\u0105c), Shi Er Da Jin Gong ( 12 \u0107wicze\u0144 dla wzmocnienia si\u0142y i witalno\u015bci) oraz Shaolin Chan Quan Yang Sheng Gong (system meridianowy). Wszystkie one pochodz\u0105 z przekazu od wielkiego mistrza Shi Su Yuna). Nauka u mistrza Shi Su Ganga by\u0142a dla mnie wielkim zaszczytem i przyjemno\u015bci\u0105. Mam nadziej\u0119 kontynuowa\u0107 nauk\u0119 u tego mistrza podczas mojej nast\u0119pnej wizyty w Chinach.<\/p>\n<p><a href=\"http:\/\/shaolinqigong.pl\/wp-content\/uploads\/2011\/01\/MG_2317.jpg\"><img decoding=\"async\" loading=\"lazy\" class=\"aligncenter size-medium wp-image-989\" src=\"http:\/\/shaolinqigong.pl\/wp-content\/uploads\/2011\/01\/MG_2317-300x200.jpg\" alt=\"_MG_2317\" width=\"300\" height=\"200\" srcset=\"http:\/\/shaolinqigong.pl\/wp-content\/uploads\/2011\/01\/MG_2317-300x200.jpg 300w, http:\/\/shaolinqigong.pl\/wp-content\/uploads\/2011\/01\/MG_2317-1024x682.jpg 1024w\" sizes=\"(max-width: 300px) 100vw, 300px\" \/><\/a><\/p>\n<p style=\"text-align: justify;\">(Na zdj\u0119ciu Rafa\u0142 Becker z mistrzem Shi Su Gangiem)<\/p>\n<p style=\"text-align: justify;\">Z mistrzem Shi De Hongiem kontynuowa\u0142em nauk\u0119 poprzednio poznanych system\u00f3w. Natomiast od mistrza Shi De Lina uczy\u0142em si\u0119 systemu Rou quan.<\/p>\n<p><a href=\"http:\/\/shaolinqigong.pl\/wp-content\/uploads\/2011\/01\/MG_9987.jpg\"><img decoding=\"async\" loading=\"lazy\" class=\"aligncenter size-medium wp-image-990\" src=\"http:\/\/shaolinqigong.pl\/wp-content\/uploads\/2011\/01\/MG_9987-200x300.jpg\" alt=\"_MG_9987\" width=\"200\" height=\"300\" srcset=\"http:\/\/shaolinqigong.pl\/wp-content\/uploads\/2011\/01\/MG_9987-200x300.jpg 200w, http:\/\/shaolinqigong.pl\/wp-content\/uploads\/2011\/01\/MG_9987.jpg 667w\" sizes=\"(max-width: 200px) 100vw, 200px\" \/><\/a><\/p>\n<p><strong>W 2016<\/strong> roku odby\u0142 trzeci\u0105 wizyt\u0119 w Shaolinie gdzie uczy\u0142 si\u0119 qigongu pod okiem 4 mistrz\u00f3w: Shi De Honga, Shi Su Ganga, Shi De Yanga i Shi Yan Ao. Pod okiem mistrza Shi De Honga poznawa\u0142 3 cz\u0119\u015b\u0107 systemu Shaolin Luohan Zhuang Gong (qigong medyczny). Mistrz Shi De Yang uczy\u0142 unikalny system Shaolin Feng Bai Liu (do tej pory by\u0142 to system znany w Shaolinie tylko mistrzowi Shi De Yangowi). Jeste\u015bmy nielicznymi uczniami na Zachodzie, kt\u00f3rzy poznali ten qigong. Mistrza Shi Su Gang przekaza\u0142 system Tian Di Fo a mistrz Shi Yan Ao uczy\u0142 2 form: Rou quan Tong Bi quan oraz Huan Yuan (to kolejny sekretny system z Shaolinu).<\/p>\n<p><a href=\"http:\/\/shaolinqigong.pl\/wp-content\/uploads\/2011\/01\/IMG_0101.jpg\"><img decoding=\"async\" loading=\"lazy\" class=\"aligncenter size-medium wp-image-1416\" src=\"http:\/\/shaolinqigong.pl\/wp-content\/uploads\/2011\/01\/IMG_0101-300x225.jpg\" alt=\"IMG_0101\" width=\"300\" height=\"225\" srcset=\"http:\/\/shaolinqigong.pl\/wp-content\/uploads\/2011\/01\/IMG_0101-300x225.jpg 300w, http:\/\/shaolinqigong.pl\/wp-content\/uploads\/2011\/01\/IMG_0101-768x576.jpg 768w, http:\/\/shaolinqigong.pl\/wp-content\/uploads\/2011\/01\/IMG_0101-1024x768.jpg 1024w\" sizes=\"(max-width: 300px) 100vw, 300px\" \/><\/a><\/p>\n<p style=\"text-align: center;\">mistrz Shi De Hong i Rafa\u0142 Becker<\/p>\n<p style=\"text-align: center;\"><a href=\"http:\/\/shaolinqigong.pl\/wp-content\/uploads\/2011\/01\/IMG_0470.jpg\"><img decoding=\"async\" loading=\"lazy\" class=\"aligncenter size-medium wp-image-1417\" src=\"http:\/\/shaolinqigong.pl\/wp-content\/uploads\/2011\/01\/IMG_0470-300x225.jpg\" alt=\"IMG_0470\" width=\"300\" height=\"225\" srcset=\"http:\/\/shaolinqigong.pl\/wp-content\/uploads\/2011\/01\/IMG_0470-300x225.jpg 300w, http:\/\/shaolinqigong.pl\/wp-content\/uploads\/2011\/01\/IMG_0470-768x576.jpg 768w, http:\/\/shaolinqigong.pl\/wp-content\/uploads\/2011\/01\/IMG_0470-1024x768.jpg 1024w\" sizes=\"(max-width: 300px) 100vw, 300px\" \/><\/a><\/p>\n<p style=\"text-align: center;\">mistrz Shi Su Gang i Rafa\u0142 Becker<\/p>\n<p style=\"text-align: center;\"><a href=\"http:\/\/shaolinqigong.pl\/wp-content\/uploads\/2011\/01\/IMG_0455.jpg\"><img decoding=\"async\" loading=\"lazy\" class=\"aligncenter size-medium wp-image-1418\" src=\"http:\/\/shaolinqigong.pl\/wp-content\/uploads\/2011\/01\/IMG_0455-300x225.jpg\" alt=\"IMG_0455\" width=\"300\" height=\"225\" srcset=\"http:\/\/shaolinqigong.pl\/wp-content\/uploads\/2011\/01\/IMG_0455-300x225.jpg 300w, http:\/\/shaolinqigong.pl\/wp-content\/uploads\/2011\/01\/IMG_0455-768x576.jpg 768w, http:\/\/shaolinqigong.pl\/wp-content\/uploads\/2011\/01\/IMG_0455-1024x768.jpg 1024w\" sizes=\"(max-width: 300px) 100vw, 300px\" \/><\/a><\/p>\n<p style=\"text-align: center;\">mistrz Shi Yan Ao i Rafa\u0142 Becker<\/p>\n<p style=\"text-align: center;\"><a href=\"http:\/\/shaolinqigong.pl\/wp-content\/uploads\/2011\/01\/IMG_0059.jpg\"><img decoding=\"async\" loading=\"lazy\" class=\"aligncenter size-medium wp-image-1419\" src=\"http:\/\/shaolinqigong.pl\/wp-content\/uploads\/2011\/01\/IMG_0059-184x300.jpg\" alt=\"IMG_0059\" width=\"184\" height=\"300\" srcset=\"http:\/\/shaolinqigong.pl\/wp-content\/uploads\/2011\/01\/IMG_0059-184x300.jpg 184w, http:\/\/shaolinqigong.pl\/wp-content\/uploads\/2011\/01\/IMG_0059-768x1255.jpg 768w, http:\/\/shaolinqigong.pl\/wp-content\/uploads\/2011\/01\/IMG_0059-626x1024.jpg 626w, http:\/\/shaolinqigong.pl\/wp-content\/uploads\/2011\/01\/IMG_0059.jpg 1831w\" sizes=\"(max-width: 184px) 100vw, 184px\" \/><\/a><\/p>\n<p style=\"text-align: center;\">mistrz Shi De Yang i Rafa\u0142 Becker<\/p>\n<p>W tym samym roku Rafa\u0142 zaprosi\u0142 do Polski po raz pierwszy dr Yuhonga Xie, kt\u00f3ry przekazywa\u0142 system Guolin qigong, kt\u00f3ry ma renom\u0119 w Chinach jako jeden z system\u00f3w antyrakowych.<\/p>\n<p><a href=\"http:\/\/shaolinqigong.pl\/wp-content\/uploads\/2011\/01\/IMG_0634.jpg\"><img decoding=\"async\" loading=\"lazy\" class=\"aligncenter size-medium wp-image-1420\" src=\"http:\/\/shaolinqigong.pl\/wp-content\/uploads\/2011\/01\/IMG_0634-300x225.jpg\" alt=\"IMG_0634\" width=\"300\" height=\"225\" srcset=\"http:\/\/shaolinqigong.pl\/wp-content\/uploads\/2011\/01\/IMG_0634-300x225.jpg 300w, http:\/\/shaolinqigong.pl\/wp-content\/uploads\/2011\/01\/IMG_0634-768x576.jpg 768w, http:\/\/shaolinqigong.pl\/wp-content\/uploads\/2011\/01\/IMG_0634-1024x768.jpg 1024w\" sizes=\"(max-width: 300px) 100vw, 300px\" \/><\/a><\/p>\n<p style=\"text-align: center;\">dr Yuhong Xie i Rafa\u0142 Becker<\/p>\n","protected":false},"excerpt":{"rendered":"<p>&nbsp; Trenuj\u0119 kung-fu od 15-go roku \u017cycia tj. od 25 lat. Trening kung-fu rozpoczyna\u0142em na obozach kung-fu organizowanych przez instruktora Andrzeja Braksala w Warszawie. Nast\u0119pnie przez 3 lata uczy\u0142em si\u0119 Shaolin chang quan wg. mistrza Yang Jwing Minga. W wieku 18 lat pozna\u0142em sifu S\u0142awomira Paw\u0142owskiego pod kt\u00f3rego kierunkiem rozpocz\u0105\u0142em trening 5 zwierz\u0105t Shaolin i [&hellip;]<\/p>\n","protected":false},"author":2,"featured_media":0,"parent":11,"menu_order":2,"comment_status":"closed","ping_status":"closed","template":"","meta":[],"_links":{"self":[{"href":"http:\/\/shaolinqigong.pl\/index.php?rest_route=\/wp\/v2\/pages\/27"}],"collection":[{"href":"http:\/\/shaolinqigong.pl\/index.php?rest_route=\/wp\/v2\/pages"}],"about":[{"href":"http:\/\/shaolinqigong.pl\/index.php?rest_route=\/wp\/v2\/types\/page"}],"author":[{"embeddable":true,"href":"http:\/\/shaolinqigong.pl\/index.php?rest_route=\/wp\/v2\/users\/2"}],"replies":[{"embeddable":true,"href":"http:\/\/shaolinqigong.pl\/index.php?rest_route=%2Fwp%2Fv2%2Fcomments&post=27"}],"version-history":[{"count":12,"href":"http:\/\/shaolinqigong.pl\/index.php?rest_route=\/wp\/v2\/pages\/27\/revisions"}],"predecessor-version":[{"id":1415,"href":"http:\/\/shaolinqigong.pl\/index.php?rest_route=\/wp\/v2\/pages\/27\/revisions\/1415"}],"up":[{"embeddable":true,"href":"http:\/\/shaolinqigong.pl\/index.php?rest_route=\/wp\/v2\/pages\/11"}],"wp:attachment":[{"href":"http:\/\/shaolinqigong.pl\/index.php?rest_route=%2Fwp%2Fv2%2Fmedia&parent=27"}],"curies":[{"name":"wp","href":"https:\/\/api.w.org\/{rel}","templated":true}]}}