{"id":186,"date":"2011-04-07T13:10:13","date_gmt":"2011-04-07T13:10:13","guid":{"rendered":"http:\/\/shaolinqigong.pl\/?page_id=186"},"modified":"2012-10-29T21:59:37","modified_gmt":"2012-10-29T21:59:37","slug":"qigong-a-zdrowie","status":"publish","type":"page","link":"http:\/\/shaolinqigong.pl\/?page_id=186","title":{"rendered":"Qigong a zdrowie"},"content":{"rendered":"<p>1. <strong>Wykorzystanie nowatorskiego programu \u0107wicze\u0144 Qigong u pacjent\u00f3w z dystrofi\u0105 mi\u0119\u015bni<\/strong> (s. 20) <a href=\"http:\/\/www.tarnowskiegory.pl\/files\/ngos\/187\/material_konferencyjny.pdf\" target=\"_blank\">http:\/\/www.tarnowskiegory.pl\/files\/ngos\/187\/material_konferencyjny.pdf<\/a><\/p>\n<p>2. <strong>Qigong and Neurologic Illness<\/strong> <a href=\"http:\/\/www.bigheavenlittleheaven.com\/article3\" target=\"_blank\">http:\/\/www.bigheavenlittleheaven.com\/article3<\/a><\/p>\n<p>3. <strong>The application of qi-gong therapy to health care<\/strong> <a href=\"http:\/\/www.bigheavenlittleheaven.com\/article5\" target=\"_blank\">http:\/\/www.bigheavenlittleheaven.com\/article5<\/a><\/p>\n<p>4. <strong>Healing Cancer with Chi Kung Therapy<\/strong> <a href=\"http:\/\/www.healingtaobritain.com\/p68magazinehealingcancerwithchikung.htm \" target=\"_blank\">http:\/\/www.healingtaobritain.com\/p68magazinehealingcancerwithchikung.htm <\/a><\/p>\n<p>5. <strong>Use of Qigong therapy in the detoxification of heroin addicts<\/strong> <a href=\"http:\/\/www.bigheavenlittleheaven.com\/article2 \" target=\"_blank\">http:\/\/www.bigheavenlittleheaven.com\/article2 <\/a><\/p>\n<p>6. <strong>Medical applications of Qigong and emitted qi on humans, animals, cell cultures and plants: review of selected scientific research<\/strong> <a href=\"http:\/\/www.bigheavenlittleheaven.com\/article4 \" target=\"_blank\">http:\/\/www.bigheavenlittleheaven.com\/article4<\/a><\/p>\n<p>7.\u00a0<strong>Exercisers slow it down with Qigong<\/strong>\u00a0<a href=\"http:\/\/www.bigheavenlittleheaven.com\/NYTimes5Apr07 \" target=\"_blank\">http:\/\/www.bigheavenlittleheaven.com\/NYTimes5Apr07<\/a><\/p>\n<p>8.\u00a0<strong>The Next Yoga: a Sweat-Free Workout. Giving Up on Perfect Pecs, Boomers Embrace Qigong\u00a0<\/strong><a href=\"http:\/\/www.bigheavenlittleheaven.com\/WSJournal13May03 \" target=\"_blank\">http:\/\/www.bigheavenlittleheaven.com\/WSJournal13May03<\/a><\/p>\n<p>9.\u00a0<strong>Artyku\u0142 o naukowych badaniach nad stymulowaniem punktu Tan Tien<\/strong>\u00a0(po angielsku):\u00a0<a href=\"http:\/\/www.chanwuyi.org\/showroom\/admin\/downloadFile.jsp?webId=1233929329351&amp;userFolder=filestore&amp;fileName=1238037982046006173.pdf\" target=\"_blank\">http:\/\/www.chanwuyi.org\/showroom\/admin\/downloadFile.jsp?webId=1233929329351&amp;userFolder=filestore&amp;fileName=1238037982046006173.pdf<\/a><\/p>\n<p>10.\u00a0<strong>Shaolin Dan Tian Breathing Fosters Relaxed and AttentiveMind: A Randomized Controlled Neuro-Electrophysiological Study<\/strong>:<a href=\"http:\/\/www.chanwuyi.org\/showroom\/admin\/downloadFile.jsp?webId=1233929329351&amp;userFolder=filestore&amp;fileName=1285517300859460132.pdf\" target=\"_blank\">http:\/\/www.chanwuyi.org\/showroom\/admin\/downloadFile.jsp?webId=1233929329351&amp;userFolder=filestore&amp;fileName=1285517300859460132.pdf<\/a><\/p>\n<p>11.\u00a0<strong>Dejian Mind-Body Intervention Improves the Cognitive Functions of a Child with Autism<\/strong>:<a href=\"http:\/\/www.chanwuyi.org\/showroom\/admin\/downloadFile.jsp?webId=1233929329351&amp;userFolder=filestore&amp;fileName=1302225817796004102.pdf\" target=\"_blank\">http:\/\/www.chanwuyi.org\/showroom\/admin\/downloadFile.jsp?webId=1233929329351&amp;userFolder=filestore&amp;fileName=1302225817796004102.pdf<\/a><\/p>\n<p>12.\u00a0<strong>Dejian Mind-Body Intervention on Depressive Mood of Community-Dwelling Adults: A Randomized Controlled Trial<\/strong>:<a href=\"http:\/\/www.chanwuyi.org\/showroom\/admin\/downloadFile.jsp?webId=1233929329351&amp;userFolder=filestore&amp;fileName=1244078860140002716.pdf\" target=\"_blank\">http:\/\/www.chanwuyi.org\/showroom\/admin\/downloadFile.jsp?webId=1233929329351&amp;userFolder=filestore&amp;fileName=1244078860140002716.pdf<\/a><\/p>\n<p>13.\u00a0<strong>Dejian mind-body intervention improves the functioning of a patient with chronic epilepsy: a case report<\/strong>:<a href=\"http:\/\/www.chanwuyi.org\/showroom\/admin\/downloadFile.jsp?webId=1233929329351&amp;userFolder=filestore&amp;fileName=1263535575734002058.pdf\" target=\"_blank\">http:\/\/www.chanwuyi.org\/showroom\/admin\/downloadFile.jsp?webId=1233929329351&amp;userFolder=filestore&amp;fileName=1263535575734002058.pdf<\/a><\/p>\n<p>14.\u00a0<strong>Traditional Chinese Mind-Body Exercises Improve Self-Control Ability of an Adolescent with Asperger\u2019s Disorder<\/strong>:<a href=\"http:\/\/www.chanwuyi.org\/showroom\/admin\/downloadFile.jsp?webId=1233929329351&amp;userFolder=filestore&amp;fileName=1263535554765002048.pdf\" target=\"_blank\">http:\/\/www.chanwuyi.org\/showroom\/admin\/downloadFile.jsp?webId=1233929329351&amp;userFolder=filestore&amp;fileName=1263535554765002048.pdf<\/a><\/p>\n<p><strong>15. Effect of Qigong Therapy in Patients With Advanced Lung and Gastrointestinal Cancer Undergoing Chemotherapy<\/strong><\/p>\n<p><a href=\"http:\/\/clinicaltrials.gov\/ct2\/show\/NCT01374100\">http:\/\/clinicaltrials.gov\/ct2\/show\/NCT01374100<\/a><\/p>\n<p><strong>16. A Comprehensive Review of Health Benefits of Qigong and Tai Chi<\/strong><\/p>\n<p><a href=\"http:\/\/www.ncbi.nlm.nih.gov\/pmc\/articles\/PMC3085832\/?tool=pubmed\">http:\/\/www.ncbi.nlm.nih.gov\/pmc\/articles\/PMC3085832\/?tool=pubmed<\/a><\/p>\n<p><strong>17. External qigong for pain conditions: a systematic review of randomized clinical trials.<\/strong><\/p>\n<p><a href=\"http:\/\/www.ncbi.nlm.nih.gov\/pubmed\/17690012\">http:\/\/www.ncbi.nlm.nih.gov\/pubmed\/17690012<\/a><\/p>\n<p><strong>18. Qigong for hypertension: a systematic review of randomized clinical trials.<\/strong><\/p>\n<p><a href=\"http:\/\/www.ncbi.nlm.nih.gov\/pubmed\/17620944\" target=\"_blank\">http:\/\/www.ncbi.nlm.nih.gov\/pubmed\/17620944<\/a><\/p>\n<p><strong>19. Effects of Qigong on Type 2 Diabetic Patients<\/strong><\/p>\n<p><a href=\"http:\/\/clinicaltrials.gov\/ct2\/show\/NCT00885846\">http:\/\/clinicaltrials.gov\/ct2\/show\/NCT00885846<\/a><\/p>\n<p><strong>20. Qigong Therapy For Heart Device Patients<\/strong><\/p>\n<p><a href=\"http:\/\/clinicaltrials.gov\/ct2\/show\/NCT00027001\">http:\/\/clinicaltrials.gov\/ct2\/show\/NCT00027001<\/a><\/p>\n<p><strong>21. Qigong For Treatment Of Fibromyalgia<\/strong><\/p>\n<p><a href=\"http:\/\/clinicaltrials.gov\/ct2\/show\/NCT00938834\">http:\/\/clinicaltrials.gov\/ct2\/show\/NCT00938834<\/a><\/p>\n<p><strong>22. Pre-Surgical Qigong Therapy for Women With Breast Cancer<\/strong><\/p>\n<p><a href=\"http:\/\/clinicaltrials.gov\/ct2\/show\/NCT00495209\">http:\/\/clinicaltrials.gov\/ct2\/show\/NCT00495209<\/a><\/p>\n<p><em><strong>23.<\/strong><\/em><em><strong> T&#8217;ai Chi<\/strong><\/em><strong>\u00a0<\/strong><strong>and\u00a0<em>Qigong<\/em>\u00a0for Health: Patterns of Use in the United States<\/strong><\/p>\n<p><a href=\"http:\/\/www.ncbi.nlm.nih.gov\/pmc\/articles\/PMC2852519\/?tool=pubmed\">http:\/\/www.ncbi.nlm.nih.gov\/pmc\/articles\/PMC2852519\/?tool=pubmed<\/a><\/p>\n<p><strong>24. Qigong Therapy for Individuals With Knee Osteoarthritis<\/strong><\/p>\n<p><a href=\"http:\/\/clinicaltrials.gov\/ct2\/show\/NCT00104156\">http:\/\/clinicaltrials.gov\/ct2\/show\/NCT00104156<\/a><\/p>\n<p><strong>25. Yoga and Qigong for Elderly Patients With Chronic Low Back Pain (YQ-LBP)<\/strong><\/p>\n<p><a href=\"http:\/\/clinicaltrials.gov\/ct2\/show\/NCT01303588\">http:\/\/clinicaltrials.gov\/ct2\/show\/NCT01303588<\/a><\/p>\n<p><strong>26. Qigong vs. Aerobic Exercise in the Treatment of Childhood Chronic Musculoskeletal Pain<\/strong><\/p>\n<p><a href=\"http:\/\/clinicaltrials.gov\/ct2\/show\/NCT00312234\">http:\/\/clinicaltrials.gov\/ct2\/show\/NCT00312234<\/a><\/p>\n<p><strong>27. Qigong and Exercise for Neck Pain in Adults (QENA)<\/strong><\/p>\n<p><a href=\"http:\/\/clinicaltrials.gov\/ct2\/show\/NCT00615732\">http:\/\/clinicaltrials.gov\/ct2\/show\/NCT00615732<\/a><\/p>\n<p><strong>28. Qigong and Exercise Therapy for Low Back Pain in Adults (QEBA)<\/strong><\/p>\n<p><a href=\"http:\/\/clinicaltrials.gov\/ct2\/show\/NCT00993980\">http:\/\/clinicaltrials.gov\/ct2\/show\/NCT00993980<\/a><\/p>\n<p><strong>29.\u00a0<\/strong><strong>Biopsychosocial Effects of <\/strong><strong><em>Qigong <\/em><\/strong><strong>as a Mindful Exercise for People with Anxiety Disorders: A<\/strong><\/p>\n<p><strong>Speculative Review<\/strong><\/p>\n<p><a href=\"http:\/\/www.aesl.nccu.edu.tw\/paper_reading\/2007\/Iesha,%20Ray_2007_11_19.pdf\" target=\"_blank\">http:\/\/www.aesl.nccu.edu.tw\/paper_reading\/2007\/Iesha,%20Ray_2007_11_19.pdf<\/a><\/p>\n<p><strong>30. \u00a0<\/strong><strong>Qigong as a Mindfulness Practice for Counseling Students: A Qualitative Study<\/strong><\/p>\n<p><a href=\"http:\/\/www.ce.mahidol.ac.th\/multi-media\/download\/ce\/ce12.pdf\" target=\"_blank\">http:\/\/www.ce.mahidol.ac.th\/multi-media\/download\/ce\/ce12.pdf<\/a><\/p>\n","protected":false},"excerpt":{"rendered":"<p>1. Wykorzystanie nowatorskiego programu \u0107wicze\u0144 Qigong u pacjent\u00f3w z dystrofi\u0105 mi\u0119\u015bni (s. 20) http:\/\/www.tarnowskiegory.pl\/files\/ngos\/187\/material_konferencyjny.pdf 2. Qigong and Neurologic Illness http:\/\/www.bigheavenlittleheaven.com\/article3 3. The application of qi-gong therapy to health care http:\/\/www.bigheavenlittleheaven.com\/article5 4. Healing Cancer with Chi Kung Therapy http:\/\/www.healingtaobritain.com\/p68magazinehealingcancerwithchikung.htm 5. Use of Qigong therapy in the detoxification of heroin addicts http:\/\/www.bigheavenlittleheaven.com\/article2 6. Medical applications of Qigong [&hellip;]<\/p>\n","protected":false},"author":2,"featured_media":0,"parent":19,"menu_order":2,"comment_status":"closed","ping_status":"closed","template":"","meta":[],"_links":{"self":[{"href":"http:\/\/shaolinqigong.pl\/index.php?rest_route=\/wp\/v2\/pages\/186"}],"collection":[{"href":"http:\/\/shaolinqigong.pl\/index.php?rest_route=\/wp\/v2\/pages"}],"about":[{"href":"http:\/\/shaolinqigong.pl\/index.php?rest_route=\/wp\/v2\/types\/page"}],"author":[{"embeddable":true,"href":"http:\/\/shaolinqigong.pl\/index.php?rest_route=\/wp\/v2\/users\/2"}],"replies":[{"embeddable":true,"href":"http:\/\/shaolinqigong.pl\/index.php?rest_route=%2Fwp%2Fv2%2Fcomments&post=186"}],"version-history":[{"count":9,"href":"http:\/\/shaolinqigong.pl\/index.php?rest_route=\/wp\/v2\/pages\/186\/revisions"}],"predecessor-version":[{"id":188,"href":"http:\/\/shaolinqigong.pl\/index.php?rest_route=\/wp\/v2\/pages\/186\/revisions\/188"}],"up":[{"embeddable":true,"href":"http:\/\/shaolinqigong.pl\/index.php?rest_route=\/wp\/v2\/pages\/19"}],"wp:attachment":[{"href":"http:\/\/shaolinqigong.pl\/index.php?rest_route=%2Fwp%2Fv2%2Fmedia&parent=186"}],"curies":[{"name":"wp","href":"https:\/\/api.w.org\/{rel}","templated":true}]}}