{"id":173,"date":"2011-03-09T10:40:16","date_gmt":"2011-03-09T10:40:16","guid":{"rendered":"http:\/\/shaolinqigong.pl\/?page_id=173"},"modified":"2016-06-21T09:57:40","modified_gmt":"2016-06-21T09:57:40","slug":"filmy-dokumentalne","status":"publish","type":"page","link":"http:\/\/shaolinqigong.pl\/?page_id=173","title":{"rendered":"Filmy dokumentalne"},"content":{"rendered":"<p>&nbsp;<\/p>\n<p><strong>Shaolin Temple &#8211; Shi DeYang and Shi Suxi <\/strong>&#8211; cenny film o klasztorze Shaolin i jego najwi\u0119kszych mistrzach schy\u0142ku XX w (Shi Su Xi, Shi Su Yun i ich ucze\u0144 Shi De Yang nauczaj\u0105cy obecnie)- po angielsku<\/p>\n<p><a href=\"http:\/\/www.youtube.com\/watch?v=hmYPDNXEkYo&amp;feature=related\">http:\/\/www.youtube.com\/watch?v=hmYPDNXEkYo&amp;feature=related<\/a><\/p>\n<p>&nbsp;<\/p>\n<p><strong>Shaolin Kung Fu Documental<\/strong>&#8211; film o historii Klasztoru i kung fu, \u0142adne zdj\u0119cia:\u00a0<a href=\"http:\/\/www.youtube.com\/watch?v=ZcIWkRqAVwU\" target=\"_blank\">http:\/\/www.youtube.com\/watch?v=ZcIWkRqAVwU<\/a><\/p>\n<p>&nbsp;<\/p>\n<p><strong>Secret of qigong<\/strong>&#8211; bardzo cenny film o poj\u0119ciu qi, medycynie chi\u0144skiej i qigongu (nakr\u0119cony w latach 80-ych w Chinach)- po angielsku<\/p>\n<p><a href=\"http:\/\/www.youtube.com\/watch?v=uQEL5mWU_Vg&amp;feature=related\">http:\/\/www.youtube.com\/watch?v=uQEL5mWU_Vg&amp;feature=related<\/a> \u2013cz 1<\/p>\n<p><a href=\"http:\/\/www.youtube.com\/watch?v=wFkXCCAUiq4&amp;feature=related\">http:\/\/www.youtube.com\/watch?v=wFkXCCAUiq4&amp;feature=related<\/a> \u2013cz 2<\/p>\n<p><a href=\"http:\/\/www.youtube.com\/watch?v=KSjSaOLafx4&amp;feature=related\">http:\/\/www.youtube.com\/watch?v=KSjSaOLafx4&amp;feature=related<\/a> \u2013 cz 3<\/p>\n<p><a href=\"http:\/\/www.youtube.com\/watch?v=OH57fAcQOgI&amp;feature=related\">http:\/\/www.youtube.com\/watch?v=OH57fAcQOgI&amp;feature=related<\/a> \u2013cz 4<\/p>\n<p><a href=\"http:\/\/www.youtube.com\/watch?v=ESjGG09I8OE&amp;feature=related\">http:\/\/www.youtube.com\/watch?v=ESjGG09I8OE&amp;feature=related<\/a> \u2013cz 5<\/p>\n<p><a href=\"http:\/\/www.youtube.com\/watch?v=bkh2GIap7JQ&amp;feature=related\">http:\/\/www.youtube.com\/watch?v=bkh2GIap7JQ&amp;feature=related<\/a> \u2013cz 6<\/p>\n<p><a href=\"http:\/\/www.youtube.com\/watch?v=tR4XhdI4gME&amp;feature=related\">http:\/\/www.youtube.com\/watch?v=tR4XhdI4gME&amp;feature=related<\/a> \u2013cz 7<\/p>\n<p>&nbsp;<\/p>\n<h4 id=\"watch-headline-title\">film z form\u0105\u00a0<span style=\"color: #222222;\">\u00a0Shaolin Duan Da\u00a0<a href=\"https:\/\/docs.google.com\/file\/d\/0B1XgBkoq4hCRcWxTRUVzaUtrRDA\/edit?usp=drive_web\" target=\"_blank\">https:\/\/docs.google.com\/file\/d\/0B1XgBkoq4hCRcWxTRUVzaUtrRDA\/edit?usp=drive_web\u00a0<\/a><\/span><\/h4>\n<p>&nbsp;<\/p>\n<p><strong>World Congress on Qigong<\/strong>-ciekawy film o wnioskach ekspert\u00f3w o Qigong z konferencji po\u015bwi\u0119conej temu zagadnieniu w USA<\/p>\n<p><a href=\"http:\/\/vimeo.com\/8098393\">http:\/\/vimeo.com\/8098393<\/a><\/p>\n<p>&nbsp;<\/p>\n","protected":false},"excerpt":{"rendered":"<p>&nbsp; Shaolin Temple &#8211; Shi DeYang and Shi Suxi &#8211; cenny film o klasztorze Shaolin i jego najwi\u0119kszych mistrzach schy\u0142ku XX w (Shi Su Xi, Shi Su Yun i ich ucze\u0144 Shi De Yang nauczaj\u0105cy obecnie)- po angielsku http:\/\/www.youtube.com\/watch?v=hmYPDNXEkYo&amp;feature=related &nbsp; Shaolin Kung Fu Documental&#8211; film o historii Klasztoru i kung fu, \u0142adne zdj\u0119cia:\u00a0http:\/\/www.youtube.com\/watch?v=ZcIWkRqAVwU &nbsp; Secret [&hellip;]<\/p>\n","protected":false},"author":2,"featured_media":0,"parent":19,"menu_order":1,"comment_status":"closed","ping_status":"closed","template":"","meta":[],"_links":{"self":[{"href":"http:\/\/shaolinqigong.pl\/index.php?rest_route=\/wp\/v2\/pages\/173"}],"collection":[{"href":"http:\/\/shaolinqigong.pl\/index.php?rest_route=\/wp\/v2\/pages"}],"about":[{"href":"http:\/\/shaolinqigong.pl\/index.php?rest_route=\/wp\/v2\/types\/page"}],"author":[{"embeddable":true,"href":"http:\/\/shaolinqigong.pl\/index.php?rest_route=\/wp\/v2\/users\/2"}],"replies":[{"embeddable":true,"href":"http:\/\/shaolinqigong.pl\/index.php?rest_route=%2Fwp%2Fv2%2Fcomments&post=173"}],"version-history":[{"count":14,"href":"http:\/\/shaolinqigong.pl\/index.php?rest_route=\/wp\/v2\/pages\/173\/revisions"}],"predecessor-version":[{"id":1340,"href":"http:\/\/shaolinqigong.pl\/index.php?rest_route=\/wp\/v2\/pages\/173\/revisions\/1340"}],"up":[{"embeddable":true,"href":"http:\/\/shaolinqigong.pl\/index.php?rest_route=\/wp\/v2\/pages\/19"}],"wp:attachment":[{"href":"http:\/\/shaolinqigong.pl\/index.php?rest_route=%2Fwp%2Fv2%2Fmedia&parent=173"}],"curies":[{"name":"wp","href":"https:\/\/api.w.org\/{rel}","templated":true}]}}