{"id":17,"date":"2011-01-20T11:22:21","date_gmt":"2011-01-20T11:22:21","guid":{"rendered":"http:\/\/shaolinqigong.pl\/?page_id=17"},"modified":"2017-10-20T10:14:27","modified_gmt":"2017-10-20T10:14:27","slug":"trenuj-z-nami","status":"publish","type":"page","link":"http:\/\/shaolinqigong.pl\/?page_id=17","title":{"rendered":"trenuj z nami"},"content":{"rendered":"<p><em>Plany na nast\u0119pne miesi\u0105ce:<\/em><\/p>\n<p><span style=\"text-decoration: underline;\">na 2017 rok<\/span><\/p>\n<p>&nbsp;<\/p>\n<div id=\"yiv7835239721yui_3_16_0_1_1480082943935_32004\" dir=\"ltr\"><span id=\"yiv7835239721yui_3_16_0_1_1480082943935_32327\"><b id=\"yui_3_16_0_1_1480331327970_31454\">Terminy warsztat\u00f3w z dr Yuhongiem Xie w 2017 roku:<\/b><\/span><\/div>\n<div><\/div>\n<div id=\"yiv7835239721yui_3_16_0_1_1480082943935_21803\"><span id=\"yiv7835239721yui_3_16_0_1_1480082943935_32865\"><strong>25-26.11<\/strong> qigong Shaolin Wewn\u0119trznej Si\u0142y Jednego Palca Zen poziom 2\u00a0<a href=\"http:\/\/shaolinqigong.pl\/wp-content\/uploads\/2011\/01\/info-SWSJPZ-11.17.pdf\">info SWSJPZ 11.17<\/a>\u00a0<\/span><\/div>\n<p>&nbsp;<\/p>\n<p>&nbsp;<\/p>\n<p><strong>Zaj\u0119cia (p\u0142atne) Qigong z Rafa\u0142em Beckerem odbywaj\u0105 si\u0119 w:<\/strong><\/p>\n<p><em>Dobrzemitu<\/em> ul. Bracka 18 lok. 70 (Centrum)<\/p>\n<p>co tydzie\u0144 jest inny system w dany dzie\u0144 wg ni\u017cej podanej kolejno\u015bci<\/p>\n<p><strong>poniedzia\u0142ki 19.10-20.10<\/strong><\/p>\n<div>&#8211; 8 Kawa\u0142k\u00f3w Brokatu<\/div>\n<div>&#8211; Shaolin Luohan Zhuang Gong<\/div>\n<div>&#8211; Shaolin Rou Quan<\/div>\n<div>&#8211; 6 Lecz\u0105cych Dzwi\u0119k\u00f3w<\/div>\n<p><strong>\u015brody 10-11.30\u00a0<\/strong><\/p>\n<div>&#8211; Shaolin Luohan Zhuang Gong + Tian Di Fo (cz\u0119\u015b\u0107 chodzona)<\/div>\n<div>&#8211; Shaolin Hun Yuan + Tian Di Fo (cz\u0119\u015b\u0107 chodzona)<\/div>\n<div>&#8211; Shaolin Luohan Gong cz. 1 + Tian Di Fo (cz\u0119\u015b\u0107 chodzona)<\/div>\n<p><strong>czwartki 9-10.30 \u00a0<\/strong><\/p>\n<div>&#8211; 18 r\u0105k Luohan<\/div>\n<div>&#8211; Shaolin Yi Jin Jing + Feng Bai Liu<\/div>\n<div>&#8211; Emei Shen Zhan<\/div>\n<div>&#8211; Zabawy 5 Zwierz\u0105t (Wu Qin Xi)<\/div>\n<p><strong>pi\u0105tki 19.30-20.30 \u00a0<\/strong><\/p>\n<div>&#8211; 10 Kawa\u0142k\u00f3w Brokatu<\/div>\n<div>&#8211; Tian Di Fo ( cz\u0119\u015b\u0107 chodzona i akupresurowa)<\/div>\n<div>&#8211; Xi Sui Jing siedz\u0105c<\/div>\n<div>&#8211; Lecznicze D\u017awi\u0119ki z tradycji Emei<\/div>\n<p><strong>niedziele 11.00-12.30<\/strong>\u00a0 \u00a0\u00a0zaj\u0119cia prowadz\u0105 Ania Horban\/ Gosia Piechota<\/p>\n<p>Info (cena, grafik, adres):\u00a0<a href=\"http:\/\/www.dobrzemitu.pl\/tutaj-rozkwitam\/41-gimnastyka-chiska-qigong\">http:\/\/www.dobrzemitu.pl<\/a><\/p>\n<p>&nbsp;<\/p>\n<p>&nbsp;<\/p>\n<p>Osoby ch\u0119tne do uczestnictwa w zaj\u0119ciach mog\u0105 do\u0142\u0105czy\u0107 do nas w ka\u017cdym momencie. \u0106wiczenia qigong dobrze jest wykonywa\u0107 w lu\u017anym stroju, dlatego prosz\u0119 przynie\u015b\u0107 ze sob\u0105 \u00a0np. dres i sportowe obuwie.<\/p>\n<p>Zapraszamy!<\/p>\n<p><span style=\"text-decoration: underline;\">Jeste\u015bmy otwarci te\u017c na zaproszenia z innych miast oraz treningi indywidualne.<\/span><\/p>\n<p>&nbsp;<\/p>\n<p>&nbsp;<\/p>\n<p><strong>\u00a0<\/strong><\/p>\n","protected":false},"excerpt":{"rendered":"<p>Plany na nast\u0119pne miesi\u0105ce: na 2017 rok &nbsp; Terminy warsztat\u00f3w z dr Yuhongiem Xie w 2017 roku: 25-26.11 qigong Shaolin Wewn\u0119trznej Si\u0142y Jednego Palca Zen poziom 2\u00a0info SWSJPZ 11.17\u00a0 &nbsp; &nbsp; Zaj\u0119cia (p\u0142atne) Qigong z Rafa\u0142em Beckerem odbywaj\u0105 si\u0119 w: Dobrzemitu ul. Bracka 18 lok. 70 (Centrum) co tydzie\u0144 jest inny system w dany dzie\u0144 [&hellip;]<\/p>\n","protected":false},"author":2,"featured_media":0,"parent":0,"menu_order":4,"comment_status":"closed","ping_status":"closed","template":"","meta":[],"_links":{"self":[{"href":"http:\/\/shaolinqigong.pl\/index.php?rest_route=\/wp\/v2\/pages\/17"}],"collection":[{"href":"http:\/\/shaolinqigong.pl\/index.php?rest_route=\/wp\/v2\/pages"}],"about":[{"href":"http:\/\/shaolinqigong.pl\/index.php?rest_route=\/wp\/v2\/types\/page"}],"author":[{"embeddable":true,"href":"http:\/\/shaolinqigong.pl\/index.php?rest_route=\/wp\/v2\/users\/2"}],"replies":[{"embeddable":true,"href":"http:\/\/shaolinqigong.pl\/index.php?rest_route=%2Fwp%2Fv2%2Fcomments&post=17"}],"version-history":[{"count":207,"href":"http:\/\/shaolinqigong.pl\/index.php?rest_route=\/wp\/v2\/pages\/17\/revisions"}],"predecessor-version":[{"id":1473,"href":"http:\/\/shaolinqigong.pl\/index.php?rest_route=\/wp\/v2\/pages\/17\/revisions\/1473"}],"wp:attachment":[{"href":"http:\/\/shaolinqigong.pl\/index.php?rest_route=%2Fwp%2Fv2%2Fmedia&parent=17"}],"curies":[{"name":"wp","href":"https:\/\/api.w.org\/{rel}","templated":true}]}}