{"id":1533,"date":"2020-06-01T19:24:05","date_gmt":"2020-06-01T19:24:05","guid":{"rendered":"http:\/\/shaolinqigong.pl\/?page_id=1533"},"modified":"2020-06-01T19:24:05","modified_gmt":"2020-06-01T19:24:05","slug":"shaolin-luohan-mian-zhang-gong","status":"publish","type":"page","link":"http:\/\/shaolinqigong.pl\/?page_id=1533","title":{"rendered":"Shaolin Luohan Mian Zhang Gong"},"content":{"rendered":"\n<div class=\"wp-block-file\"><a href=\"http:\/\/shaolinqigong.pl\/wp-content\/uploads\/2020\/06\/SHAOLIN-LUOHAN-MIAN-ZHANG-GONG-cz\u0119\u015b\u0107-pierwsza.pdf\">SHAOLIN-LUOHAN-MIAN-ZHANG-GONG-cz\u0119\u015b\u0107-pierwsza<\/a><a href=\"http:\/\/shaolinqigong.pl\/wp-content\/uploads\/2020\/06\/SHAOLIN-LUOHAN-MIAN-ZHANG-GONG-cz\u0119\u015b\u0107-pierwsza.pdf\" class=\"wp-block-file__button\" download>Pobierz<\/a><\/div>\n","protected":false},"excerpt":{"rendered":"","protected":false},"author":2,"featured_media":0,"parent":0,"menu_order":0,"comment_status":"closed","ping_status":"closed","template":"","meta":[],"_links":{"self":[{"href":"http:\/\/shaolinqigong.pl\/index.php?rest_route=\/wp\/v2\/pages\/1533"}],"collection":[{"href":"http:\/\/shaolinqigong.pl\/index.php?rest_route=\/wp\/v2\/pages"}],"about":[{"href":"http:\/\/shaolinqigong.pl\/index.php?rest_route=\/wp\/v2\/types\/page"}],"author":[{"embeddable":true,"href":"http:\/\/shaolinqigong.pl\/index.php?rest_route=\/wp\/v2\/users\/2"}],"replies":[{"embeddable":true,"href":"http:\/\/shaolinqigong.pl\/index.php?rest_route=%2Fwp%2Fv2%2Fcomments&post=1533"}],"version-history":[{"count":1,"href":"http:\/\/shaolinqigong.pl\/index.php?rest_route=\/wp\/v2\/pages\/1533\/revisions"}],"predecessor-version":[{"id":1535,"href":"http:\/\/shaolinqigong.pl\/index.php?rest_route=\/wp\/v2\/pages\/1533\/revisions\/1535"}],"wp:attachment":[{"href":"http:\/\/shaolinqigong.pl\/index.php?rest_route=%2Fwp%2Fv2%2Fmedia&parent=1533"}],"curies":[{"name":"wp","href":"https:\/\/api.w.org\/{rel}","templated":true}]}}