{"id":1519,"date":"2020-04-23T15:30:06","date_gmt":"2020-04-23T15:30:06","guid":{"rendered":"http:\/\/shaolinqigong.pl\/?page_id=1519"},"modified":"2020-04-23T15:30:06","modified_gmt":"2020-04-23T15:30:06","slug":"12-metod-masazu","status":"publish","type":"page","link":"http:\/\/shaolinqigong.pl\/?page_id=1519","title":{"rendered":"12 metod masa\u017cu"},"content":{"rendered":"\n<div class=\"wp-block-file\"><a href=\"http:\/\/shaolinqigong.pl\/wp-content\/uploads\/2020\/04\/DWANA\u015aCIE-STARO\u017bYTNYCH-METOD-MASA\u017bU.pdf\">DWANA\u015aCIE-STARO\u017bYTNYCH-METOD-MASA\u017bU<\/a><a href=\"http:\/\/shaolinqigong.pl\/wp-content\/uploads\/2020\/04\/DWANA\u015aCIE-STARO\u017bYTNYCH-METOD-MASA\u017bU.pdf\" class=\"wp-block-file__button\" download>Pobierz<\/a><\/div>\n\n\n\n<p><\/p>\n","protected":false},"excerpt":{"rendered":"","protected":false},"author":2,"featured_media":0,"parent":0,"menu_order":0,"comment_status":"closed","ping_status":"closed","template":"","meta":[],"_links":{"self":[{"href":"http:\/\/shaolinqigong.pl\/index.php?rest_route=\/wp\/v2\/pages\/1519"}],"collection":[{"href":"http:\/\/shaolinqigong.pl\/index.php?rest_route=\/wp\/v2\/pages"}],"about":[{"href":"http:\/\/shaolinqigong.pl\/index.php?rest_route=\/wp\/v2\/types\/page"}],"author":[{"embeddable":true,"href":"http:\/\/shaolinqigong.pl\/index.php?rest_route=\/wp\/v2\/users\/2"}],"replies":[{"embeddable":true,"href":"http:\/\/shaolinqigong.pl\/index.php?rest_route=%2Fwp%2Fv2%2Fcomments&post=1519"}],"version-history":[{"count":1,"href":"http:\/\/shaolinqigong.pl\/index.php?rest_route=\/wp\/v2\/pages\/1519\/revisions"}],"predecessor-version":[{"id":1521,"href":"http:\/\/shaolinqigong.pl\/index.php?rest_route=\/wp\/v2\/pages\/1519\/revisions\/1521"}],"wp:attachment":[{"href":"http:\/\/shaolinqigong.pl\/index.php?rest_route=%2Fwp%2Fv2%2Fmedia&parent=1519"}],"curies":[{"name":"wp","href":"https:\/\/api.w.org\/{rel}","templated":true}]}}