{"id":15,"date":"2011-01-20T11:20:30","date_gmt":"2011-01-20T11:20:30","guid":{"rendered":"http:\/\/shaolinqigong.pl\/?page_id=15"},"modified":"2019-07-31T10:21:00","modified_gmt":"2019-07-31T10:21:00","slug":"shaolinski-qigong","status":"publish","type":"page","link":"http:\/\/shaolinqigong.pl\/?page_id=15","title":{"rendered":"Shaoli\u0144ski Qigong"},"content":{"rendered":"<p><a href=\"http:\/\/www.neijia.net\/neijia\/luohan_1_11.html\" target=\"_self\">http:\/\/www.neijia.net\/neijia\/luohan_1_11.html<\/a><\/p>\n<p><a href=\"http:\/\/www.neijia.net\/neijia\/damo10.html\" target=\"_self\">http:\/\/www.neijia.net\/neijia\/damo10.html<\/a><\/p>\n<p><a href=\"http:\/\/shaolinqigong.pl\/wp-content\/uploads\/2014\/03\/\u0179R\u00d3D\u0141A-SHAOLI\u0143SKIEGO-QIGONGU-cz\u0119\u015b\u0107-pierwsza.pdf\">\u0179R\u00d3D\u0141A SHAOLI\u0143SKIEGO QIGONG&#8217;U &#8211; cz\u0119\u015b\u0107 pierwsza\u00a0<\/a><\/p>\n<p><a href=\"http:\/\/shaolinqigong.pl\/wp-content\/uploads\/2019\/07\/\u017bR\u00d3D\u0141A-SHAOLI\u0143SKIEGO-QIGONGU-cz\u0119\u015b\u0107-druga-1.pdf\">\u017bR\u00d3D\u0141A SHAOLI\u0143SKIEGO QIGONGU &#8211; cz\u0119\u015b\u0107 druga (1)<\/a><\/p>\n","protected":false},"excerpt":{"rendered":"<p>http:\/\/www.neijia.net\/neijia\/luohan_1_11.html http:\/\/www.neijia.net\/neijia\/damo10.html \u0179R\u00d3D\u0141A SHAOLI\u0143SKIEGO QIGONG&#8217;U &#8211; cz\u0119\u015b\u0107 pierwsza\u00a0 \u017bR\u00d3D\u0141A SHAOLI\u0143SKIEGO QIGONGU &#8211; cz\u0119\u015b\u0107 druga (1)<\/p>\n","protected":false},"author":2,"featured_media":0,"parent":0,"menu_order":3,"comment_status":"closed","ping_status":"closed","template":"","meta":[],"_links":{"self":[{"href":"http:\/\/shaolinqigong.pl\/index.php?rest_route=\/wp\/v2\/pages\/15"}],"collection":[{"href":"http:\/\/shaolinqigong.pl\/index.php?rest_route=\/wp\/v2\/pages"}],"about":[{"href":"http:\/\/shaolinqigong.pl\/index.php?rest_route=\/wp\/v2\/types\/page"}],"author":[{"embeddable":true,"href":"http:\/\/shaolinqigong.pl\/index.php?rest_route=\/wp\/v2\/users\/2"}],"replies":[{"embeddable":true,"href":"http:\/\/shaolinqigong.pl\/index.php?rest_route=%2Fwp%2Fv2%2Fcomments&post=15"}],"version-history":[{"count":7,"href":"http:\/\/shaolinqigong.pl\/index.php?rest_route=\/wp\/v2\/pages\/15\/revisions"}],"predecessor-version":[{"id":1497,"href":"http:\/\/shaolinqigong.pl\/index.php?rest_route=\/wp\/v2\/pages\/15\/revisions\/1497"}],"wp:attachment":[{"href":"http:\/\/shaolinqigong.pl\/index.php?rest_route=%2Fwp%2Fv2%2Fmedia&parent=15"}],"curies":[{"name":"wp","href":"https:\/\/api.w.org\/{rel}","templated":true}]}}