{"id":1334,"date":"2016-06-18T21:44:00","date_gmt":"2016-06-18T21:44:00","guid":{"rendered":"http:\/\/shaolinqigong.pl\/?page_id=1334"},"modified":"2016-06-18T21:45:53","modified_gmt":"2016-06-18T21:45:53","slug":"jubileusz-slawomira-pawlowskiego","status":"publish","type":"page","link":"http:\/\/shaolinqigong.pl\/?page_id=1334","title":{"rendered":"Jubileusz S\u0142awomira Paw\u0142owskiego"},"content":{"rendered":"<p style=\"text-align: justify;\">Poni\u017cej artyku\u0142 o jubileuszu sifu S\u0142awomira Paw\u0142owskiego. Niestety z powodu infekcji nie mog\u0142em uczestniczy\u0107 w tym wydarzeniu. Czego bardzo \u017ca\u0142uj\u0119. Chcia\u0142bym jednak\u00a0przekaza\u0107 Czytelnikom kilka s\u0142\u00f3w tak\u017ce ode mnie. To, \u017ce w Polsce mamy przekaz czystej tradycji shaoli\u0144skiego kung fu i qigongu jest olbrzymi\u0105 zas\u0142ug\u0105 sifu S\u0142awomira Paw\u0142owskiego. To dzi\u0119ki jego wysi\u0142kom (fizycznym, finansowym oraz nauczycielskim) mamy mo\u017cliwo\u015b\u0107 poznawa\u0107 te systemy w Polsce. Moja wdzi\u0119czno\u015b\u0107 za nauki jaki otrzyma\u0142em od sifu S\u0142awomira Paw\u0142owskiego nigdy si\u0119 nie wyczerpie. Jestem wdzi\u0119czny, \u017ce bohater poni\u017cszego artyku\u0142u zacz\u0105\u0142 mnie naucza\u0107 \u00a0gdy trafi\u0142em do niego w wieku 18 lat i \u017ce mog\u0119 si\u0119 nazwa\u0107 uczniem tak WYBITNEJ POSTACI JAKIM JEST SIFU S\u0141AWOMIR PAW\u0141OWSKI. Mam nadziej\u0119, \u017ce sifu b\u0119dzie \u017cy\u0142 d\u0142ugo w szcz\u0119\u015bciu i zdrowiu i jeszcze wiele lat b\u0119dzie nam przekazywa\u0142 sw\u0105 bezcenn\u0105 wiedz\u0119:)<\/p>\n<p style=\"text-align: justify;\"><a href=\"http:\/\/shaolinqigong.pl\/wp-content\/uploads\/2016\/06\/JUBILEUSZ-I-BENEFIS.pdf\">JUBILEUSZ I BENEFIS<\/a><\/p>\n","protected":false},"excerpt":{"rendered":"<p>Poni\u017cej artyku\u0142 o jubileuszu sifu S\u0142awomira Paw\u0142owskiego. Niestety z powodu infekcji nie mog\u0142em uczestniczy\u0107 w tym wydarzeniu. Czego bardzo \u017ca\u0142uj\u0119. Chcia\u0142bym jednak\u00a0przekaza\u0107 Czytelnikom kilka s\u0142\u00f3w tak\u017ce ode mnie. To, \u017ce w Polsce mamy przekaz czystej tradycji shaoli\u0144skiego kung fu i qigongu jest olbrzymi\u0105 zas\u0142ug\u0105 sifu S\u0142awomira Paw\u0142owskiego. To dzi\u0119ki jego wysi\u0142kom (fizycznym, finansowym oraz nauczycielskim) [&hellip;]<\/p>\n","protected":false},"author":2,"featured_media":0,"parent":24,"menu_order":0,"comment_status":"closed","ping_status":"closed","template":"","meta":[],"_links":{"self":[{"href":"http:\/\/shaolinqigong.pl\/index.php?rest_route=\/wp\/v2\/pages\/1334"}],"collection":[{"href":"http:\/\/shaolinqigong.pl\/index.php?rest_route=\/wp\/v2\/pages"}],"about":[{"href":"http:\/\/shaolinqigong.pl\/index.php?rest_route=\/wp\/v2\/types\/page"}],"author":[{"embeddable":true,"href":"http:\/\/shaolinqigong.pl\/index.php?rest_route=\/wp\/v2\/users\/2"}],"replies":[{"embeddable":true,"href":"http:\/\/shaolinqigong.pl\/index.php?rest_route=%2Fwp%2Fv2%2Fcomments&post=1334"}],"version-history":[{"count":3,"href":"http:\/\/shaolinqigong.pl\/index.php?rest_route=\/wp\/v2\/pages\/1334\/revisions"}],"predecessor-version":[{"id":1339,"href":"http:\/\/shaolinqigong.pl\/index.php?rest_route=\/wp\/v2\/pages\/1334\/revisions\/1339"}],"up":[{"embeddable":true,"href":"http:\/\/shaolinqigong.pl\/index.php?rest_route=\/wp\/v2\/pages\/24"}],"wp:attachment":[{"href":"http:\/\/shaolinqigong.pl\/index.php?rest_route=%2Fwp%2Fv2%2Fmedia&parent=1334"}],"curies":[{"name":"wp","href":"https:\/\/api.w.org\/{rel}","templated":true}]}}