{"id":1155,"date":"2015-03-19T19:54:23","date_gmt":"2015-03-19T19:54:23","guid":{"rendered":"http:\/\/shaolinqigong.pl\/?page_id=1155"},"modified":"2017-07-03T16:29:27","modified_gmt":"2017-07-03T16:29:27","slug":"liu-zi-jue","status":"publish","type":"page","link":"http:\/\/shaolinqigong.pl\/?page_id=1155","title":{"rendered":"Liu Zi Jue"},"content":{"rendered":"<p><a href=\"http:\/\/shaolinqigong.pl\/wp-content\/uploads\/2015\/03\/QIGONG-LIU-ZI-YUE-CZ\u0118\u015a\u0106-PIERWSZA-GENEZA-ORAZ-CHARAKTERYSTYKA-STYLU.pdf\">QIGONG LIU ZI YUE &#8211; CZ\u0118\u015a\u0106 PIERWSZA- GENEZA ORAZ CHARAKTERYSTYKA STYLU<\/a><\/p>\n<p><a href=\"http:\/\/shaolinqigong.pl\/wp-content\/uploads\/2015\/05\/QIGONG-LIU-ZI-JUE-CZ\u0118\u015a\u0106-DRUGA-ILUSTROWANY-OPIS-\u0106WICZE\u0143.pdf\">QIGONG LIU ZI JUE &#8211; CZ\u0118\u015a\u0106 DRUGA &#8211; ILUSTROWANY OPIS \u0106WICZE\u0143<\/a><\/p>\n<p><a href=\"http:\/\/shaolinqigong.pl\/wp-content\/uploads\/2015\/03\/WEWN\u0118TRZNE-ASPEKTY-LIU-ZI-YUE.pdf\">WEWN\u0118TRZNE ASPEKTY LIU ZI YUE<\/a><\/p>\n","protected":false},"excerpt":{"rendered":"<p>QIGONG LIU ZI YUE &#8211; CZ\u0118\u015a\u0106 PIERWSZA- GENEZA ORAZ CHARAKTERYSTYKA STYLU QIGONG LIU ZI JUE &#8211; CZ\u0118\u015a\u0106 DRUGA &#8211; ILUSTROWANY OPIS \u0106WICZE\u0143 WEWN\u0118TRZNE ASPEKTY LIU ZI YUE<\/p>\n","protected":false},"author":2,"featured_media":0,"parent":15,"menu_order":11,"comment_status":"closed","ping_status":"open","template":"","meta":[],"_links":{"self":[{"href":"http:\/\/shaolinqigong.pl\/index.php?rest_route=\/wp\/v2\/pages\/1155"}],"collection":[{"href":"http:\/\/shaolinqigong.pl\/index.php?rest_route=\/wp\/v2\/pages"}],"about":[{"href":"http:\/\/shaolinqigong.pl\/index.php?rest_route=\/wp\/v2\/types\/page"}],"author":[{"embeddable":true,"href":"http:\/\/shaolinqigong.pl\/index.php?rest_route=\/wp\/v2\/users\/2"}],"replies":[{"embeddable":true,"href":"http:\/\/shaolinqigong.pl\/index.php?rest_route=%2Fwp%2Fv2%2Fcomments&post=1155"}],"version-history":[{"count":4,"href":"http:\/\/shaolinqigong.pl\/index.php?rest_route=\/wp\/v2\/pages\/1155\/revisions"}],"predecessor-version":[{"id":1461,"href":"http:\/\/shaolinqigong.pl\/index.php?rest_route=\/wp\/v2\/pages\/1155\/revisions\/1461"}],"up":[{"embeddable":true,"href":"http:\/\/shaolinqigong.pl\/index.php?rest_route=\/wp\/v2\/pages\/15"}],"wp:attachment":[{"href":"http:\/\/shaolinqigong.pl\/index.php?rest_route=%2Fwp%2Fv2%2Fmedia&parent=1155"}],"curies":[{"name":"wp","href":"https:\/\/api.w.org\/{rel}","templated":true}]}}