{"id":1123,"date":"2015-02-08T16:44:24","date_gmt":"2015-02-08T16:44:24","guid":{"rendered":"http:\/\/shaolinqigong.pl\/?page_id=1123"},"modified":"2017-06-25T20:36:47","modified_gmt":"2017-06-25T20:36:47","slug":"szkolenia-z-tmc","status":"publish","type":"page","link":"http:\/\/shaolinqigong.pl\/?page_id=1123","title":{"rendered":"szkolenia z TMC"},"content":{"rendered":"<p>Rafa\u0142 Becker &#8211; przebyte b\u0105d\u017a w trakcie kursy z zakresu:<\/p>\n<p>&nbsp;<\/p>\n<p><strong>Szkolenia z zakresu TMT (Tradycyjnej Medycyny Tybeta\u0144skiej)<\/strong><\/p>\n<p><span style=\"color: #339966;\"><span style=\"color: #3366ff;\">Dietetyka w TMT <\/span>\u00a0<\/span>&#8211; prowadz\u0105cy dr Aleksander Arbuzow<\/p>\n<p><span style=\"color: #3366ff;\">Leczenie mantrami w TMT I stopnia<\/span> &#8211; prowadz\u0105cy dr Nida Chenagtsang<\/p>\n<p>&nbsp;<\/p>\n<p><strong>Szkolenia z zakresu TMC (Tradycyjnej Medycyny Chi\u0144skiej)<\/strong><\/p>\n<p><span style=\"color: #0000ff;\">Dolegliwo\u015bci i choroby zwi\u0105zane z obszarem g\u0142owy i szyi wg TMC<\/span> &#8211; prowadz\u0105cy prof. Sun Peilin (uko\u0144czony)<\/p>\n<p><span style=\"color: #0000ff;\">Kontrolowanie stresu metodami TMC<\/span> &#8211; prowadz\u0105cy prof. Weixiang Wang(uko\u0144czony)<\/p>\n<p><span style=\"color: #0000ff;\">Analiza i leczenie zaburze\u0144 zwi\u0105zanych z Wilgoci\u0105 i \u015aluzem wg TMC<\/span> &#8211; prowadz\u0105cy prof. Sun Peilin (uko\u0144czony)<\/p>\n<p><span style=\"color: #0000ff;\">Wroc\u0142awska Akademia Akupunktury<\/span> (2017-2020) &#8211; prowadz\u0105cy prof. Sun Peilin, prof. Wang Weixiang, prof. Wang Tianjun (w trakcie)<\/p>\n<p><span style=\"color: #0000ff;\">Diagnoza z j\u0119zyka i z pulsu wed\u0142ug TMC<\/span> &#8211; prowadz\u0105cy prof. Yifan Yang (uko\u0144czony)<\/p>\n<p><span style=\"color: #0000ff;\">Wprowadzenie do leczenia chor\u00f3b autoimmunologicznych w TCM<\/span> &#8211; prowadz\u0105cy prof. Sun Peilin (uko\u0144czony)<\/p>\n<p><span style=\"color: #0000ff;\">Syndrom nawracaj\u0105cych uraz\u00f3w (RIS<\/span>) &#8211; prowadz\u0105cy prof. Sun Peilin (uko\u0144czony)<\/p>\n<p><span style=\"color: #0000ff;\">Zesp\u00f3\u0142 przewlek\u0142ego zm\u0119czenia i fibromialgia w \u015bwietle Tradycyjnej Medycyny Chi\u0144skiej<\/span> &#8211; prowadz\u0105cy prof. Sun Peilin (uko\u0144czony)<\/p>\n<p><span style=\"color: #0000ff;\">P\u0142odno\u015b\u0107 kobiety i Tradycyjna Medycyna Chi\u0144ska<\/span> &#8211; prowadz\u0105cy prof. Sun Peilin (uko\u0144czony)<\/p>\n<p><span style=\"color: #0000ff;\">Leczenie wspomagaj\u0105ce w chorobach nowotworowych w oparciu o TCM<\/span> &#8211; prowadz\u0105cy prof. Sun Peilin (uko\u0144czony)<\/p>\n<p><span style=\"color: #0000ff;\">Geriatria w tradycyjnej medycynie chi\u0144skiej<\/span> &#8211; prowadz\u0105cy prof. Sun Peilin (uko\u0144czony)<\/p>\n<p><span style=\"color: #0000ff;\">Pediatria w medycynie chi\u0144skiej<\/span> &#8211; prowadz\u0105cy prof. Sun Peilin (uko\u0144czony)<\/p>\n<p><span style=\"color: #0000ff;\">Dietetyka profilaktyczna i lecznicza w TMC<\/span> &#8211; prowadz\u0105ca dr Agnieszka Krzemi\u0144ska (uko\u0144czony)<\/p>\n<p><span style=\"color: #0000ff;\">Diagnoza w TMT. 4 metody diagnozowania<\/span> &#8211; prowadz\u0105cy Adam Kowalski (uko\u0144czony)<\/p>\n<p><span style=\"color: #0000ff;\">Szko\u0142a Zio\u0142olecznictwa Klasycznej Medycyny Chi\u0144skiej<\/span> &#8211; prowadz\u0105ca prof. Yifan Yang (kurs 3 letni 2014-2017 -uko\u0144czony)<\/p>\n<p><span style=\"color: #0000ff;\">Chi\u0144ski masa\u017c terapeutyczny Tui Na<\/span> &#8211; kurs podstawowy &#8211; prowadz\u0105ca Marta Kubisz (uko\u0144czony)<\/p>\n<p><span style=\"color: #0000ff;\">Masa\u017c Tui Na &#8211; problemy uk\u0142adu ruchowego i reumatologia<\/span> &#8211; kurs specjalistyczny &#8211; prowadz\u0105ca Marta Kubisz (uko\u0144czony)<\/p>\n<p><span style=\"color: #0000ff;\">Alergie i nietolerancje pokarmowe wg. medycyny chi\u0144skiej<\/span> &#8211; prowadz\u0105cy prof. Sun Peilin (uko\u0144czony)<\/p>\n<p><span style=\"color: #0000ff;\">Leczenie zaburze\u0144 alergicznych wg. medycyny chi\u0144skiej<\/span> &#8211; prowadz\u0105cy prof. Sun Peilin (uko\u0144czony)<\/p>\n<p><span style=\"color: #0000ff;\">Analiza i leczenie akupunktur\u0105 zaburze\u0144 psychosomatycznych<\/span> &#8211; prowadz\u0105cy prof. Sun Peilin (uko\u0144czony)<\/p>\n<p><span style=\"color: #0000ff;\">Diagnoza i leczenie wzorc\u00f3w patologii niedoboru qi i krwi. Widoczny i niewidoczny \u015bluz<\/span> &#8211; prowadz\u0105cy prof. Yifan Yang (uko\u0144czony)<\/p>\n<p>&nbsp;<\/p>\n","protected":false},"excerpt":{"rendered":"<p>Rafa\u0142 Becker &#8211; przebyte b\u0105d\u017a w trakcie kursy z zakresu: &nbsp; Szkolenia z zakresu TMT (Tradycyjnej Medycyny Tybeta\u0144skiej) Dietetyka w TMT \u00a0&#8211; prowadz\u0105cy dr Aleksander Arbuzow Leczenie mantrami w TMT I stopnia &#8211; prowadz\u0105cy dr Nida Chenagtsang &nbsp; Szkolenia z zakresu TMC (Tradycyjnej Medycyny Chi\u0144skiej) Dolegliwo\u015bci i choroby zwi\u0105zane z obszarem g\u0142owy i szyi wg [&hellip;]<\/p>\n","protected":false},"author":2,"featured_media":0,"parent":27,"menu_order":1,"comment_status":"closed","ping_status":"closed","template":"","meta":[],"_links":{"self":[{"href":"http:\/\/shaolinqigong.pl\/index.php?rest_route=\/wp\/v2\/pages\/1123"}],"collection":[{"href":"http:\/\/shaolinqigong.pl\/index.php?rest_route=\/wp\/v2\/pages"}],"about":[{"href":"http:\/\/shaolinqigong.pl\/index.php?rest_route=\/wp\/v2\/types\/page"}],"author":[{"embeddable":true,"href":"http:\/\/shaolinqigong.pl\/index.php?rest_route=\/wp\/v2\/users\/2"}],"replies":[{"embeddable":true,"href":"http:\/\/shaolinqigong.pl\/index.php?rest_route=%2Fwp%2Fv2%2Fcomments&post=1123"}],"version-history":[{"count":21,"href":"http:\/\/shaolinqigong.pl\/index.php?rest_route=\/wp\/v2\/pages\/1123\/revisions"}],"predecessor-version":[{"id":1451,"href":"http:\/\/shaolinqigong.pl\/index.php?rest_route=\/wp\/v2\/pages\/1123\/revisions\/1451"}],"up":[{"embeddable":true,"href":"http:\/\/shaolinqigong.pl\/index.php?rest_route=\/wp\/v2\/pages\/27"}],"wp:attachment":[{"href":"http:\/\/shaolinqigong.pl\/index.php?rest_route=%2Fwp%2Fv2%2Fmedia&parent=1123"}],"curies":[{"name":"wp","href":"https:\/\/api.w.org\/{rel}","templated":true}]}}