{"id":1107,"date":"2015-02-08T15:59:37","date_gmt":"2015-02-08T15:59:37","guid":{"rendered":"http:\/\/shaolinqigong.pl\/?page_id=1107"},"modified":"2015-02-08T16:55:32","modified_gmt":"2015-02-08T16:55:32","slug":"shaolin-ba-duan-jin","status":"publish","type":"page","link":"http:\/\/shaolinqigong.pl\/?page_id=1107","title":{"rendered":"Shaolin Ba Duan Jin"},"content":{"rendered":"<p>Shaolin Ba Duan Jin wg przekazu mistrza Shi Su Gang<\/p>\n<p><a href=\"http:\/\/shaolinqigong.pl\/wp-content\/uploads\/2011\/12\/SHAOLIN-BA-DUAN-JIN-STOJ\u0104C-cz\u0119\u015b\u0107-pierwsza.pdf\">SHAOLIN BA DUAN JIN STOJ\u0104C cz\u0119\u015b\u0107 pierwsza<\/a><\/p>\n<p><a href=\"http:\/\/shaolinqigong.pl\/wp-content\/uploads\/2011\/12\/Shaolin-Ba-Duan-Jin-STOJ\u0104C-CZ\u0118\u015a\u0106-DRUGA.pdf\">Shaolin Ba Duan Jin STOJ\u0104C CZ\u0118\u015a\u0106 DRUGA<\/a><\/p>\n<p><a href=\"http:\/\/shaolinqigong.pl\/wp-content\/uploads\/2012\/04\/Bioenergetyka-i-oddzialywanie-cwiczen-Shaolin-Ba-Duan-Jin.pdf\">Bioenergetyka i oddzialywanie cwiczen Shaolin Ba Duan Jin<\/a><\/p>\n<p><a href=\"http:\/\/shaolinqigong.pl\/wp-content\/uploads\/2012\/09\/Ba-Duan-Jin-Shi-Su-Gang-i-Shi-De-Hong.pdf\">Ba Duan Jin -Shi Su Gang i Shi De Hong<\/a><\/p>\n<p><a href=\"http:\/\/shaolinqigong.pl\/wp-content\/uploads\/2011\/11\/Shaolin-Ba-Duan-Jin-Siedzac.pdf\">Shaolin Ba Duan Jin Siedzac<\/a><\/p>\n<p>Shaolin Ba Duan Jin wg przekazu mistrza Shi De Honga<\/p>\n<p><a href=\"http:\/\/shaolinqigong.pl\/wp-content\/uploads\/2013\/06\/Ba-Duan-Jin-Rafal2.pdf\">Ba Duan Jin-Rafal2<\/a><\/p>\n","protected":false},"excerpt":{"rendered":"<p>Shaolin Ba Duan Jin wg przekazu mistrza Shi Su Gang SHAOLIN BA DUAN JIN STOJ\u0104C cz\u0119\u015b\u0107 pierwsza Shaolin Ba Duan Jin STOJ\u0104C CZ\u0118\u015a\u0106 DRUGA Bioenergetyka i oddzialywanie cwiczen Shaolin Ba Duan Jin Ba Duan Jin -Shi Su Gang i Shi De Hong Shaolin Ba Duan Jin Siedzac Shaolin Ba Duan Jin wg przekazu mistrza Shi [&hellip;]<\/p>\n","protected":false},"author":2,"featured_media":0,"parent":15,"menu_order":4,"comment_status":"closed","ping_status":"closed","template":"","meta":[],"_links":{"self":[{"href":"http:\/\/shaolinqigong.pl\/index.php?rest_route=\/wp\/v2\/pages\/1107"}],"collection":[{"href":"http:\/\/shaolinqigong.pl\/index.php?rest_route=\/wp\/v2\/pages"}],"about":[{"href":"http:\/\/shaolinqigong.pl\/index.php?rest_route=\/wp\/v2\/types\/page"}],"author":[{"embeddable":true,"href":"http:\/\/shaolinqigong.pl\/index.php?rest_route=\/wp\/v2\/users\/2"}],"replies":[{"embeddable":true,"href":"http:\/\/shaolinqigong.pl\/index.php?rest_route=%2Fwp%2Fv2%2Fcomments&post=1107"}],"version-history":[{"count":5,"href":"http:\/\/shaolinqigong.pl\/index.php?rest_route=\/wp\/v2\/pages\/1107\/revisions"}],"predecessor-version":[{"id":1112,"href":"http:\/\/shaolinqigong.pl\/index.php?rest_route=\/wp\/v2\/pages\/1107\/revisions\/1112"}],"up":[{"embeddable":true,"href":"http:\/\/shaolinqigong.pl\/index.php?rest_route=\/wp\/v2\/pages\/15"}],"wp:attachment":[{"href":"http:\/\/shaolinqigong.pl\/index.php?rest_route=%2Fwp%2Fv2%2Fmedia&parent=1107"}],"curies":[{"name":"wp","href":"https:\/\/api.w.org\/{rel}","templated":true}]}}