{"id":1103,"date":"2015-02-08T15:56:09","date_gmt":"2015-02-08T15:56:09","guid":{"rendered":"http:\/\/shaolinqigong.pl\/?page_id=1103"},"modified":"2015-02-08T16:55:56","modified_gmt":"2015-02-08T16:55:56","slug":"shaolin-xi-sui-jing","status":"publish","type":"page","link":"http:\/\/shaolinqigong.pl\/?page_id=1103","title":{"rendered":"Shaolin Xi Sui Jing"},"content":{"rendered":"<p>Shaolin Xi Sui Jing wg przekazu mistrza Shi Su Gang<\/p>\n<p><a href=\"http:\/\/www.neijia.net\/neijia\/ssj_13.html\" target=\"_self\">http:\/\/www.neijia.net\/neijia\/ssj_13.html<\/a><\/p>\n<p><a href=\"http:\/\/shaolinqigong.pl\/wp-content\/uploads\/2012\/01\/Shaolin-Da-Mo-Xi-Sui-Jing-cz\u0119\u015b\u0107-pierwsza.pdf\">Shaolin Da Mo Xi Sui Jing -cz\u0119\u015b\u0107 pierwsza<\/a><\/p>\n<p><a href=\"http:\/\/shaolinqigong.pl\/wp-content\/uploads\/2012\/03\/Shaolin-Da-Mo-Xi-Sui-Jing-CZESC-2-b.pdf\">Shaolin Da Mo Xi Sui Jing CZESC 2 b<\/a><\/p>\n<p><a href=\"http:\/\/shaolinqigong.pl\/wp-content\/uploads\/2012\/06\/SHAOLIN-DA-MO-XI-SUI-JING-cz\u0119\u015b\u0107.3.pdf\">SHAOLIN DA MO XI SUI JING &#8211; cz\u0119\u015b\u0107.3<\/a><\/p>\n<p><a href=\"http:\/\/shaolinqigong.pl\/wp-content\/uploads\/2012\/01\/SHAOLIN-DA-MO-XI-SUI-JING-CZ\u0118\u015a\u0106-CZWARTA-YI-JIN-XI-SUI-JING.pdf\">SHAOLIN DA MO XI SUI JING CZ\u0118\u015a\u0106 CZWARTA YI JIN XI SUI JING<\/a><\/p>\n<p>Shaolin Xi Sui Jing wg przekazu mistrza Shi De Honga<\/p>\n<p><a href=\"http:\/\/shaolinqigong.pl\/wp-content\/uploads\/2012\/11\/AUTOMASA\u017b-XI-SUI-JING.pdf\">AUTOMASA\u017b XI SUI JING<\/a><\/p>\n<p><a href=\"http:\/\/shaolinqigong.pl\/wp-content\/uploads\/2013\/06\/Xi_Sui_Jing_stoj\u0105c.pdf\">Xi_Sui_Jing_stoj\u0105c<\/a><\/p>\n","protected":false},"excerpt":{"rendered":"<p>Shaolin Xi Sui Jing wg przekazu mistrza Shi Su Gang http:\/\/www.neijia.net\/neijia\/ssj_13.html Shaolin Da Mo Xi Sui Jing -cz\u0119\u015b\u0107 pierwsza Shaolin Da Mo Xi Sui Jing CZESC 2 b SHAOLIN DA MO XI SUI JING &#8211; cz\u0119\u015b\u0107.3 SHAOLIN DA MO XI SUI JING CZ\u0118\u015a\u0106 CZWARTA YI JIN XI SUI JING Shaolin Xi Sui Jing wg przekazu [&hellip;]<\/p>\n","protected":false},"author":2,"featured_media":0,"parent":15,"menu_order":3,"comment_status":"closed","ping_status":"closed","template":"","meta":[],"_links":{"self":[{"href":"http:\/\/shaolinqigong.pl\/index.php?rest_route=\/wp\/v2\/pages\/1103"}],"collection":[{"href":"http:\/\/shaolinqigong.pl\/index.php?rest_route=\/wp\/v2\/pages"}],"about":[{"href":"http:\/\/shaolinqigong.pl\/index.php?rest_route=\/wp\/v2\/types\/page"}],"author":[{"embeddable":true,"href":"http:\/\/shaolinqigong.pl\/index.php?rest_route=\/wp\/v2\/users\/2"}],"replies":[{"embeddable":true,"href":"http:\/\/shaolinqigong.pl\/index.php?rest_route=%2Fwp%2Fv2%2Fcomments&post=1103"}],"version-history":[{"count":3,"href":"http:\/\/shaolinqigong.pl\/index.php?rest_route=\/wp\/v2\/pages\/1103\/revisions"}],"predecessor-version":[{"id":1106,"href":"http:\/\/shaolinqigong.pl\/index.php?rest_route=\/wp\/v2\/pages\/1103\/revisions\/1106"}],"up":[{"embeddable":true,"href":"http:\/\/shaolinqigong.pl\/index.php?rest_route=\/wp\/v2\/pages\/15"}],"wp:attachment":[{"href":"http:\/\/shaolinqigong.pl\/index.php?rest_route=%2Fwp%2Fv2%2Fmedia&parent=1103"}],"curies":[{"name":"wp","href":"https:\/\/api.w.org\/{rel}","templated":true}]}}