{"id":1063,"date":"2015-02-08T14:21:04","date_gmt":"2015-02-08T14:21:04","guid":{"rendered":"http:\/\/shaolinqigong.pl\/?page_id=1063"},"modified":"2015-08-20T19:48:54","modified_gmt":"2015-08-20T19:48:54","slug":"czernica","status":"publish","type":"page","link":"http:\/\/shaolinqigong.pl\/?page_id=1063","title":{"rendered":"Czernica"},"content":{"rendered":"<p><a href=\"http:\/\/shaolinqigong.pl\/wp-content\/uploads\/2013\/10\/CZERNICA-2013-LETNI-OB\u00d3Z-TRENINGOWY-2013.pdf\">CZERNICA 2013 LETNI OB\u00d3Z TRENINGOWY 2013<\/a><\/p>\n<p><a href=\"http:\/\/shaolinqigong.pl\/wp-content\/uploads\/2015\/02\/Letni-ob\u00f3z-treningowy-Czernica-2014.pdf\">Letni ob\u00f3z treningowy Czernica 2014<\/a><\/p>\n<p><a href=\"http:\/\/shaolinqigong.pl\/wp-content\/uploads\/2015\/02\/LETNI-OB\u00d3Z-TRENINGOWY-RANCZO-W-DOLINIE-2015.pdf\">LETNI OB\u00d3Z TRENINGOWY RANCZO W DOLINIE 2015<\/a><\/p>\n","protected":false},"excerpt":{"rendered":"<p>CZERNICA 2013 LETNI OB\u00d3Z TRENINGOWY 2013 Letni ob\u00f3z treningowy Czernica 2014 LETNI OB\u00d3Z TRENINGOWY RANCZO W DOLINIE 2015<\/p>\n","protected":false},"author":2,"featured_media":0,"parent":38,"menu_order":5,"comment_status":"closed","ping_status":"closed","template":"","meta":[],"_links":{"self":[{"href":"http:\/\/shaolinqigong.pl\/index.php?rest_route=\/wp\/v2\/pages\/1063"}],"collection":[{"href":"http:\/\/shaolinqigong.pl\/index.php?rest_route=\/wp\/v2\/pages"}],"about":[{"href":"http:\/\/shaolinqigong.pl\/index.php?rest_route=\/wp\/v2\/types\/page"}],"author":[{"embeddable":true,"href":"http:\/\/shaolinqigong.pl\/index.php?rest_route=\/wp\/v2\/users\/2"}],"replies":[{"embeddable":true,"href":"http:\/\/shaolinqigong.pl\/index.php?rest_route=%2Fwp%2Fv2%2Fcomments&post=1063"}],"version-history":[{"count":4,"href":"http:\/\/shaolinqigong.pl\/index.php?rest_route=\/wp\/v2\/pages\/1063\/revisions"}],"predecessor-version":[{"id":1240,"href":"http:\/\/shaolinqigong.pl\/index.php?rest_route=\/wp\/v2\/pages\/1063\/revisions\/1240"}],"up":[{"embeddable":true,"href":"http:\/\/shaolinqigong.pl\/index.php?rest_route=\/wp\/v2\/pages\/38"}],"wp:attachment":[{"href":"http:\/\/shaolinqigong.pl\/index.php?rest_route=%2Fwp%2Fv2%2Fmedia&parent=1063"}],"curies":[{"name":"wp","href":"https:\/\/api.w.org\/{rel}","templated":true}]}}