{"id":1059,"date":"2015-02-08T14:19:57","date_gmt":"2015-02-08T14:19:57","guid":{"rendered":"http:\/\/shaolinqigong.pl\/?page_id=1059"},"modified":"2020-01-02T14:40:12","modified_gmt":"2020-01-02T14:40:12","slug":"formy-reczne","status":"publish","type":"page","link":"http:\/\/shaolinqigong.pl\/?page_id=1059","title":{"rendered":"formy r\u0119czne"},"content":{"rendered":"<p><a href=\"http:\/\/shaolinqigong.pl\/wp-content\/uploads\/2012\/12\/kung-fu-Shaolin-Shi-Ba-Shou1.pdf\">kung fu Shaolin Shi Ba Shou1<\/a><\/p>\n<p><a href=\"http:\/\/shaolinqigong.pl\/wp-content\/uploads\/2012\/12\/kung-fu-Luohan-Shi-Ba-Shou2.pdf\">kung fu Luohan Shi Ba Shou2<\/a><\/p>\n<p><a href=\"http:\/\/shaolinqigong.pl\/wp-content\/uploads\/2012\/12\/Historia-i-charakterystyka-klasztornego-stylu.pdf\">Historia i charakterystyka klasztornego stylu<\/a><\/p>\n<p><a href=\"http:\/\/shaolinqigong.pl\/wp-content\/uploads\/2013\/09\/CHARAKTERYSTYKA-\u00d3SMEJ-FORMY-KLASZTORNEGO-STYLU-18-R\u0104K-LUOHAN.pdf\">CHARAKTERYSTYKA \u00d3SMEJ FORMY KLASZTORNEGO STYLU 18 R\u0104K LUOHAN<\/a><\/p>\n<p><a href=\"http:\/\/shaolinqigong.pl\/wp-content\/uploads\/2013\/10\/DZIEWI\u0104TA-FORMA-SHAOLI\u0143KIEGO-STYLU-WALKI-18-R\u0104K-LUOHAN.pdf\">DZIEWI\u0104TA FORMA SHAOLI\u0143KIEGO STYLU WALKI 18 R\u0104K LUOHAN<\/a><\/p>\n<p><a href=\"http:\/\/shaolinqigong.pl\/wp-content\/uploads\/2013\/11\/DZISI\u0104TA-FORMA-KLASZTORNEGO-SHAOLI\u0143SKIEGO-STYLU-WALKI-OSIEMNASTU-R\u0104K-LUOHAN.pdf\">DZISI\u0104TA FORMA KLASZTORNEGO SHAOLI\u0143SKIEGO STYLU WALKI OSIEMNASTU R\u0104K LUOHAN<\/a><\/p>\n<p><a href=\"http:\/\/shaolinqigong.pl\/wp-content\/uploads\/2015\/02\/JEDENASTA-FORMA-STYLU-OSIEMNASTU-R\u0104K-LUOHAN.pdf\">JEDENASTA FORMA STYLU OSIEMNASTU R\u0104K LUOHAN<\/a><\/p>\n<p><a href=\"http:\/\/shaolinqigong.pl\/wp-content\/uploads\/2013\/05\/SHE-QUAN-Klasztorny-shaoli\u0144ski-styl-w\u0119\u017ca..pdf\">SHE QUAN &#8211; Klasztorny shaoli\u0144ski styl w\u0119\u017ca.<\/a><\/p>\n<p><a href=\"http:\/\/www.neijia.net\/neijia\/shequan_16.html\">http:\/\/www.neijia.net\/neijia\/shequan_16.html<\/a> &#8222;She quan&#8221;styl w\u0119\u017ca w kung fu (artyku\u0142 z 2001 roku)<\/p>\n<p><a href=\"http:\/\/shaolinqigong.pl\/wp-content\/uploads\/2013\/06\/Shaolin-qinna-mistrza-Shi-Su-Gang.pdf\">Shaolin qinna mistrza Shi Su Gang<\/a><\/p>\n<p><a href=\"http:\/\/shaolinqigong.pl\/wp-content\/uploads\/2015\/02\/Shaolin-He-Quan.pdf\" rel=\"\">Shaolin He Quan<\/a>&nbsp; styl \u017curawia z p\u00f3\u0142nocnego klasztoru Shaolin<\/p>\n<p><a href=\"http:\/\/shaolinqigong.pl\/wp-content\/uploads\/2015\/02\/SHAOLIN-QI-XING-QUAN.pdf\">shaolin-qi-xing-quan<\/a>&nbsp;shaoli\u0144ska forma walki 7 gwiazd<\/p>\n<p><a href=\"http:\/\/shaolinqigong.pl\/wp-content\/uploads\/2015\/02\/SHAOLIN-LUOHAN-SHI-BA-ZHANG.pdf\">shaolin-luohan-shi-ba-zhang<\/a><\/p>\n<p><a href=\"http:\/\/shaolinqigong.pl\/wp-content\/uploads\/2015\/02\/SHAOLIN-TANGLANG-QUAN-SHAOLI\u0139\u0192SKI-STYL-MODLISZKI.pdf\">SHAOLIN TANGLANG QUAN &#8211; SHAOLI\u0139\u0192SKI STYL MODLISZKI<\/a><\/p>\n<p><a href=\"http:\/\/shaolinqigong.pl\/wp-content\/uploads\/2015\/02\/Shaolin-Wu-Xing-Quan.pdf\">Shaolin Wu Xing Quan<\/a><\/p>\n<p><a href=\"http:\/\/shaolinqigong.pl\/wp-content\/uploads\/2019\/07\/SHAOLIN-LONG-QUAN-LONG-QIANG-1.pdf\">SHAOLIN LONG QUAN &#8211; LONG QIANG (1)<\/a><\/p>\n\n\n<div class=\"wp-block-file\"><a href=\"http:\/\/shaolinqigong.pl\/wp-content\/uploads\/2020\/01\/SHAOLIN-LUOHAN-QUAN-.pdf\">SHAOLIN-LUOHAN-QUAN-<\/a><a href=\"http:\/\/shaolinqigong.pl\/wp-content\/uploads\/2020\/01\/SHAOLIN-LUOHAN-QUAN-.pdf\" class=\"wp-block-file__button\" download>Pobierz<\/a><\/div>\n","protected":false},"excerpt":{"rendered":"<p>kung fu Shaolin Shi Ba Shou1 kung fu Luohan Shi Ba Shou2 Historia i charakterystyka klasztornego stylu CHARAKTERYSTYKA \u00d3SMEJ FORMY KLASZTORNEGO STYLU 18 R\u0104K LUOHAN DZIEWI\u0104TA FORMA SHAOLI\u0143KIEGO STYLU WALKI 18 R\u0104K LUOHAN DZISI\u0104TA FORMA KLASZTORNEGO SHAOLI\u0143SKIEGO STYLU WALKI OSIEMNASTU R\u0104K LUOHAN JEDENASTA FORMA STYLU OSIEMNASTU R\u0104K LUOHAN SHE QUAN &#8211; Klasztorny shaoli\u0144ski styl w\u0119\u017ca. [&hellip;]<\/p>\n","protected":false},"author":2,"featured_media":0,"parent":38,"menu_order":1,"comment_status":"closed","ping_status":"closed","template":"","meta":[],"_links":{"self":[{"href":"http:\/\/shaolinqigong.pl\/index.php?rest_route=\/wp\/v2\/pages\/1059"}],"collection":[{"href":"http:\/\/shaolinqigong.pl\/index.php?rest_route=\/wp\/v2\/pages"}],"about":[{"href":"http:\/\/shaolinqigong.pl\/index.php?rest_route=\/wp\/v2\/types\/page"}],"author":[{"embeddable":true,"href":"http:\/\/shaolinqigong.pl\/index.php?rest_route=\/wp\/v2\/users\/2"}],"replies":[{"embeddable":true,"href":"http:\/\/shaolinqigong.pl\/index.php?rest_route=%2Fwp%2Fv2%2Fcomments&post=1059"}],"version-history":[{"count":14,"href":"http:\/\/shaolinqigong.pl\/index.php?rest_route=\/wp\/v2\/pages\/1059\/revisions"}],"predecessor-version":[{"id":1504,"href":"http:\/\/shaolinqigong.pl\/index.php?rest_route=\/wp\/v2\/pages\/1059\/revisions\/1504"}],"up":[{"embeddable":true,"href":"http:\/\/shaolinqigong.pl\/index.php?rest_route=\/wp\/v2\/pages\/38"}],"wp:attachment":[{"href":"http:\/\/shaolinqigong.pl\/index.php?rest_route=%2Fwp%2Fv2%2Fmedia&parent=1059"}],"curies":[{"name":"wp","href":"https:\/\/api.w.org\/{rel}","templated":true}]}}