{"id":1015,"date":"2014-11-19T10:53:26","date_gmt":"2014-11-19T10:53:26","guid":{"rendered":"http:\/\/shaolinqigong.pl\/?page_id=1015"},"modified":"2015-02-08T16:59:09","modified_gmt":"2015-02-08T16:59:09","slug":"poludniowy-shaolin","status":"publish","type":"page","link":"http:\/\/shaolinqigong.pl\/?page_id=1015","title":{"rendered":"Po\u0142udniowy Shaolin"},"content":{"rendered":"<p><a href=\"http:\/\/shaolinqigong.pl\/wp-content\/uploads\/2014\/11\/Mistrz-Lin-Qing-Duan.pdf\">Mistrz Lin Qing Duan<\/a><\/p>\n<p><a href=\"http:\/\/shaolinqigong.pl\/wp-content\/uploads\/2014\/11\/Nan-Shaolin-Luohan-Quan-cz\u0119\u015b\u0107-pierwsza.pdf\">Nan Shaolin Luohan Quan &#8211; cz\u0119\u015b\u0107 pierwsza<\/a><\/p>\n<p><a href=\"http:\/\/shaolinqigong.pl\/wp-content\/uploads\/2014\/11\/Chrakterystyka-pierwszej-oraz-drugiej-formy-stylu-Nan-Shaolin-Luohan-Men.pdf\">Chrakterystyka pierwszej oraz drugiej formy stylu Nan Shaolin Luohan Men<\/a><\/p>\n","protected":false},"excerpt":{"rendered":"<p>Mistrz Lin Qing Duan Nan Shaolin Luohan Quan &#8211; cz\u0119\u015b\u0107 pierwsza Chrakterystyka pierwszej oraz drugiej formy stylu Nan Shaolin Luohan Men<\/p>\n","protected":false},"author":2,"featured_media":0,"parent":38,"menu_order":4,"comment_status":"closed","ping_status":"closed","template":"","meta":[],"_links":{"self":[{"href":"http:\/\/shaolinqigong.pl\/index.php?rest_route=\/wp\/v2\/pages\/1015"}],"collection":[{"href":"http:\/\/shaolinqigong.pl\/index.php?rest_route=\/wp\/v2\/pages"}],"about":[{"href":"http:\/\/shaolinqigong.pl\/index.php?rest_route=\/wp\/v2\/types\/page"}],"author":[{"embeddable":true,"href":"http:\/\/shaolinqigong.pl\/index.php?rest_route=\/wp\/v2\/users\/2"}],"replies":[{"embeddable":true,"href":"http:\/\/shaolinqigong.pl\/index.php?rest_route=%2Fwp%2Fv2%2Fcomments&post=1015"}],"version-history":[{"count":1,"href":"http:\/\/shaolinqigong.pl\/index.php?rest_route=\/wp\/v2\/pages\/1015\/revisions"}],"predecessor-version":[{"id":1019,"href":"http:\/\/shaolinqigong.pl\/index.php?rest_route=\/wp\/v2\/pages\/1015\/revisions\/1019"}],"up":[{"embeddable":true,"href":"http:\/\/shaolinqigong.pl\/index.php?rest_route=\/wp\/v2\/pages\/38"}],"wp:attachment":[{"href":"http:\/\/shaolinqigong.pl\/index.php?rest_route=%2Fwp%2Fv2%2Fmedia&parent=1015"}],"curies":[{"name":"wp","href":"https:\/\/api.w.org\/{rel}","templated":true}]}}